{"id":101,"date":"2018-03-21T11:57:42","date_gmt":"2018-03-21T10:57:42","guid":{"rendered":"https:\/\/gretzmeier.de\/wp\/?page_id=101"},"modified":"2026-01-28T10:26:44","modified_gmt":"2026-01-28T09:26:44","slug":"strausswirtschaft","status":"publish","type":"page","link":"https:\/\/gretzmeier-shop.de\/?page_id=101","title":{"rendered":"Strau\u00dfe"},"content":{"rendered":"\n<div class=\"wp-block-columns is-layout-flex wp-container-core-columns-is-layout-9d6595d7 wp-block-columns-is-layout-flex\">\n<div class=\"wp-block-column is-layout-flow wp-block-column-is-layout-flow\" style=\"flex-basis:100%\">\n<div class=\"wp-block-columns is-layout-flex wp-container-core-columns-is-layout-9d6595d7 wp-block-columns-is-layout-flex\">\n<div class=\"wp-block-column is-layout-flow wp-block-column-is-layout-flow\" style=\"flex-basis:100%\">\n<div class=\"wp-block-columns is-layout-flex wp-container-core-columns-is-layout-9d6595d7 wp-block-columns-is-layout-flex\">\n<div class=\"wp-block-column is-layout-flow wp-block-column-is-layout-flow\" style=\"flex-basis:100%\">\n<h1 class=\"wp-block-heading has-text-align-center has-text-color\" style=\"color:#be1013\">Die Strau\u00dfe \u00f6ffnet voraussichtlich:<\/h1>\n\n\n\n<p class=\"has-text-align-center has-text-color has-medium-font-size\" style=\"color:#be1013\"><strong> Mo-Fr ab 17 Uhr, Sonn- &amp; Feiertags ab 16 Uhr, Samstags Ruhetag <\/strong><\/p>\n\n\n\n<p class=\"has-text-align-center has-text-color has-medium-font-size\" style=\"color:#b4160e\"><strong>30. M\u00e4rz \u2013 8. Mai 2026<\/strong><\/p>\n\n\n\n<p class=\"has-text-align-center has-text-color has-medium-font-size\" style=\"color:#b4160e\"><strong>8. Juni \u2013 10. Juli 2026<\/strong><\/p>\n\n\n\n<p class=\"has-text-align-center has-text-color has-medium-font-size\" style=\"color:#b4160e\"><strong>31. August \u2013 9. Oktober 2026<\/strong><\/p>\n<\/div>\n<\/div>\n<\/div>\n<\/div>\n<\/div>\n<\/div>\n\n\n\n<div class=\"wp-block-group alignfull is-swap-on-mobile services-page\"><div class=\"wp-block-group__inner-container is-layout-flow wp-block-group-is-layout-flow\">\n<div class=\"wp-block-columns alignwide is-layout-flex wp-container-core-columns-is-layout-9d6595d7 wp-block-columns-is-layout-flex\">\n<div class=\"wp-block-column is-layout-flow wp-block-column-is-layout-flow\">\n<h2 class=\"wp-block-heading\">Gem\u00fctliche Strau\u00dfe<\/h2>\n\n\n\n<p>Wir freuen uns sehr sie in unserer gem\u00fctlichen Strau\u00dfe mit mediterranem und lauschigem Innenhof zu begr\u00fc\u00dfen. Reservierungen werden empfohlen! &nbsp;Lassen Sie sich kulinarisch von uns verw\u00f6hnen und genie\u00dfen Sie ein paar sch\u00f6ne Stunden in geselliger Runde.<\/p>\n\n\n\n<div class=\"wp-block-buttons is-layout-flex wp-block-buttons-is-layout-flex\"><\/div>\n<\/div>\n\n\n\n<div class=\"wp-block-column is-layout-flow wp-block-column-is-layout-flow\">\n<figure class=\"wp-block-image size-large is-style-default\"><img loading=\"lazy\" decoding=\"async\" width=\"1024\" height=\"683\" src=\"https:\/\/gretzmeier-shop.de\/wp-content\/uploads\/2021\/05\/IMG_2164-1024x683.jpg\" alt=\"\" class=\"wp-image-943\" srcset=\"https:\/\/gretzmeier-shop.de\/wp-content\/uploads\/2021\/05\/IMG_2164-1024x683.jpg 1024w, https:\/\/gretzmeier-shop.de\/wp-content\/uploads\/2021\/05\/IMG_2164-300x200.jpg 300w, https:\/\/gretzmeier-shop.de\/wp-content\/uploads\/2021\/05\/IMG_2164-768x512.jpg 768w, https:\/\/gretzmeier-shop.de\/wp-content\/uploads\/2021\/05\/IMG_2164-1536x1024.jpg 1536w, https:\/\/gretzmeier-shop.de\/wp-content\/uploads\/2021\/05\/IMG_2164-2048x1365.jpg 2048w\" sizes=\"auto, (max-width: 1024px) 100vw, 1024px\" \/><\/figure>\n<\/div>\n<\/div>\n\n\n\n<div class=\"wp-block-columns alignwide is-layout-flex wp-container-core-columns-is-layout-9d6595d7 wp-block-columns-is-layout-flex\">\n<div class=\"wp-block-column is-layout-flow wp-block-column-is-layout-flow\">\n<figure class=\"wp-block-image size-large is-style-default\"><img loading=\"lazy\" decoding=\"async\" width=\"1024\" height=\"683\" src=\"https:\/\/gretzmeier-shop.de\/wp-content\/uploads\/2021\/05\/FB_IMG_1540662042473-1024x683.jpg\" alt=\"\" class=\"wp-image-940\" srcset=\"https:\/\/gretzmeier-shop.de\/wp-content\/uploads\/2021\/05\/FB_IMG_1540662042473-1024x683.jpg 1024w, https:\/\/gretzmeier-shop.de\/wp-content\/uploads\/2021\/05\/FB_IMG_1540662042473-300x200.jpg 300w, https:\/\/gretzmeier-shop.de\/wp-content\/uploads\/2021\/05\/FB_IMG_1540662042473-768x512.jpg 768w, https:\/\/gretzmeier-shop.de\/wp-content\/uploads\/2021\/05\/FB_IMG_1540662042473.jpg 1080w\" sizes=\"auto, (max-width: 1024px) 100vw, 1024px\" \/><\/figure>\n<\/div>\n\n\n\n<div class=\"wp-block-column is-layout-flow wp-block-column-is-layout-flow\">\n<h2 class=\"wp-block-heading\">Speisekarte<\/h2>\n\n\n\n<p>Spezialit\u00e4ten unserer Strau\u00dfe sind regionale und saisonale K\u00f6stlichkeiten:<\/p>\n\n\n\n<ul class=\"wp-block-list\">\n<li>Hausgemachter Flammenkuchen in verschiedenen Varianten<\/li>\n\n\n\n<li>Salatteller mit frischen, knackigen Zutaten aus eigenem Anbau<\/li>\n\n\n\n<li>Bio-Kr\u00e4uterschinken, Hobelk\u00e4se und Holzofenbrot<\/li>\n\n\n\n<li>Treberwurst mit sauren R\u00fcben, Sch\u00e4ufele und Br\u00e4gele<\/li>\n\n\n\n<li>Hausgemachter Kartoffelsalat mit Sch\u00e4ufele<\/li>\n<\/ul>\n\n\n\n<p><\/p>\n\n\n\n<div class=\"wp-block-buttons is-layout-flex wp-block-buttons-is-layout-flex\">\n<div class=\"wp-block-button is-style-outline is-style-outline--1\"><a class=\"wp-block-button__link has-green-color has-text-color wp-element-button\" href=\"https:\/\/gretzmeier-shop.de\/wp-content\/uploads\/2025\/09\/2025.2_Speisekarte-Strausse.pdf\" style=\"border-radius:5px\" target=\"_blank\" rel=\"noreferrer noopener\">Speisekarte PDF<\/a><\/div>\n<\/div>\n<\/div>\n<\/div>\n\n\n\n<div class=\"wp-block-columns alignwide is-layout-flex wp-container-core-columns-is-layout-9d6595d7 wp-block-columns-is-layout-flex\">\n<div class=\"wp-block-column is-layout-flow wp-block-column-is-layout-flow\">\n<h2 class=\"wp-block-heading\">Saisonale \u00d6ffnungszeiten<\/h2>\n\n\n\n<p>Unsere Strau\u00dfwirtschaft ist im Fr\u00fchjahr, Sommer und Herbst jeweils f\u00fcr ca.  4 Wochen ge\u00f6ffnet, wenn der Besen aufgestellt ist.<\/p>\n\n\n\n<p>Von Montag bis Freitag ab 17 Uhr, Sonn- und Feiertags ab 16 Uhr, Samstags bleibt sie geschlossen.<\/p>\n\n\n\n<div class=\"wp-block-buttons is-layout-flex wp-block-buttons-is-layout-flex\"><\/div>\n<\/div>\n\n\n\n<div class=\"wp-block-column is-layout-flow wp-block-column-is-layout-flow\">\n<figure class=\"wp-block-image size-large is-style-default\"><img loading=\"lazy\" decoding=\"async\" width=\"1024\" height=\"681\" src=\"https:\/\/gretzmeier-shop.de\/wp-content\/uploads\/2021\/05\/DSC_8384-1024x681.jpg\" alt=\"\" class=\"wp-image-941\" srcset=\"https:\/\/gretzmeier-shop.de\/wp-content\/uploads\/2021\/05\/DSC_8384-1024x681.jpg 1024w, https:\/\/gretzmeier-shop.de\/wp-content\/uploads\/2021\/05\/DSC_8384-300x199.jpg 300w, https:\/\/gretzmeier-shop.de\/wp-content\/uploads\/2021\/05\/DSC_8384-768x511.jpg 768w, https:\/\/gretzmeier-shop.de\/wp-content\/uploads\/2021\/05\/DSC_8384.jpg 1504w\" sizes=\"auto, (max-width: 1024px) 100vw, 1024px\" \/><\/figure>\n<\/div>\n<\/div>\n\n\n\n<div class=\"wp-block-columns alignwide is-layout-flex wp-container-core-columns-is-layout-9d6595d7 wp-block-columns-is-layout-flex\">\n<div class=\"wp-block-column is-layout-flow wp-block-column-is-layout-flow\"><\/div>\n\n\n\n<div class=\"wp-block-column is-layout-flow wp-block-column-is-layout-flow\">\n<div class=\"wp-block-buttons is-layout-flex wp-block-buttons-is-layout-flex\"><\/div>\n\n\n\n<p><\/p>\n<\/div>\n<\/div>\n<\/div><\/div>\n\n\n\n<p><\/p>\n","protected":false},"excerpt":{"rendered":"<p>Die Strau\u00dfe \u00f6ffnet voraussichtlich: Mo-Fr ab 17 Uhr, Sonn- &amp; Feiertags ab 16 Uhr, Samstags Ruhetag 30. M\u00e4rz \u2013 8. Mai 2026 8. Juni \u2013 10. Juli 2026 31. August \u2013 9. Oktober 2026 Gem\u00fctliche Strau\u00dfe Wir freuen uns sehr sie in unserer gem\u00fctlichen Strau\u00dfe mit mediterranem und lauschigem Innenhof zu begr\u00fc\u00dfen. Reservierungen werden empfohlen!<span class=\"dots\"> &hellip; <\/span><span class=\"link-more\"><a href=\"https:\/\/gretzmeier-shop.de\/?page_id=101\" class=\"more-link\">Read more <span class=\"screen-reader-text\">&#8222;Strau\u00dfe&#8220;<\/span><\/a><\/span><\/p>\n","protected":false},"author":1,"featured_media":0,"parent":0,"menu_order":0,"comment_status":"closed","ping_status":"closed","template":"","meta":{"footnotes":""},"class_list":["post-101","page","type-page","status-publish","hentry"],"_links":{"self":[{"href":"https:\/\/gretzmeier-shop.de\/index.php?rest_route=\/wp\/v2\/pages\/101","targetHints":{"allow":["GET"]}}],"collection":[{"href":"https:\/\/gretzmeier-shop.de\/index.php?rest_route=\/wp\/v2\/pages"}],"about":[{"href":"https:\/\/gretzmeier-shop.de\/index.php?rest_route=\/wp\/v2\/types\/page"}],"author":[{"embeddable":true,"href":"https:\/\/gretzmeier-shop.de\/index.php?rest_route=\/wp\/v2\/users\/1"}],"replies":[{"embeddable":true,"href":"https:\/\/gretzmeier-shop.de\/index.php?rest_route=%2Fwp%2Fv2%2Fcomments&post=101"}],"version-history":[{"count":50,"href":"https:\/\/gretzmeier-shop.de\/index.php?rest_route=\/wp\/v2\/pages\/101\/revisions"}],"predecessor-version":[{"id":3717,"href":"https:\/\/gretzmeier-shop.de\/index.php?rest_route=\/wp\/v2\/pages\/101\/revisions\/3717"}],"wp:attachment":[{"href":"https:\/\/gretzmeier-shop.de\/index.php?rest_route=%2Fwp%2Fv2%2Fmedia&parent=101"}],"curies":[{"name":"wp","href":"https:\/\/api.w.org\/{rel}","templated":true}]}}