{"id":121,"date":"2018-03-28T10:46:37","date_gmt":"2018-03-28T09:46:37","guid":{"rendered":"https:\/\/gretzmeier.de\/wp\/?page_id=121"},"modified":"2023-07-10T10:23:00","modified_gmt":"2023-07-10T09:23:00","slug":"familie","status":"publish","type":"page","link":"https:\/\/gretzmeier-shop.de\/?page_id=121","title":{"rendered":"\u00dcber uns"},"content":{"rendered":"\n<figure class=\"wp-block-image size-large\"><img loading=\"lazy\" decoding=\"async\" width=\"1024\" height=\"768\" src=\"https:\/\/gretzmeier-shop.de\/wp-content\/uploads\/2023\/07\/20230407_0088-1-1024x768.jpg\" alt=\"\" class=\"wp-image-2309\" srcset=\"https:\/\/gretzmeier-shop.de\/wp-content\/uploads\/2023\/07\/20230407_0088-1-1024x768.jpg 1024w, https:\/\/gretzmeier-shop.de\/wp-content\/uploads\/2023\/07\/20230407_0088-1-300x225.jpg 300w, https:\/\/gretzmeier-shop.de\/wp-content\/uploads\/2023\/07\/20230407_0088-1-768x576.jpg 768w\" sizes=\"auto, (max-width: 1024px) 100vw, 1024px\" \/><\/figure>\n\n\n<h2>Mit Freude Wein genie\u00dfen und wissen was dahinter steht<\/h2>\n<p>2020 \u00fcbernahm Jakob Gretzmeier den Betrieb von seinem Vater Heinrich. Weil bei uns alles Hand in Hand geht, wird Jakob von seiner Frau Elena und Bruder Titus unterst\u00fctzt. Selbstverst\u00e4ndlich stehen auch seine Eltern ihm weiterhin tatkr\u00e4ftig zur Seite.<\/p>\n\n\n<h2 class=\"wp-block-heading\">Geschichte<\/h2>\n\n\n\n<p>Heinrich Gretzmeier gr\u00fcndete im Jahre 1986 mit seinem Leitsatz Qualit\u00e4t statt Quantit\u00e4t das Weingut. <\/p>\n\n\n\n<p>Bald drauf wurde 1988 der \u00f6kologische Gedanke in die Philosophie des Unternehmens eingef\u00fchrt und wird seither mit \u00e4u\u00dferster Sorgfalt in den verschiedenen Bereichen von allen Familienmitgliedern umgesetzt und gelebt.<\/p>\n\n\n\n<p>Auf eine generationenvererbte Tradition kann unsere hauseigene Brennerei zur\u00fcckblicken. Bereits im Jahre 1849 wurden von unseren Vorfahren aus verschiedenen Obstsorten edle Destillate und Br\u00e4nde hergestellt. Das n\u00f6tige Wissen wird seither von Generation zu Generation gelehrt.<\/p>\n\n\n\n<p>Unsere gem\u00fctliche Strau\u00dfe er\u00f6ffnete im Jahre 1989 und verw\u00f6hnt unsere G\u00e4ste seither mit unseren hausgemachten, regionalen und saisonelen K\u00f6stlichkeiten.<\/p>\n","protected":false},"excerpt":{"rendered":"<p>Mit Freude Wein genie\u00dfen und wissen was dahinter steht 2020 \u00fcbernahm Jakob Gretzmeier den Betrieb von seinem Vater Heinrich. Weil bei uns alles Hand in Hand geht, wird Jakob von seiner Frau Elena und Bruder Titus unterst\u00fctzt. Selbstverst\u00e4ndlich stehen auch seine Eltern ihm weiterhin tatkr\u00e4ftig zur Seite. Geschichte Heinrich Gretzmeier gr\u00fcndete im Jahre 1986 mit<span class=\"dots\"> &hellip; <\/span><span class=\"link-more\"><a href=\"https:\/\/gretzmeier-shop.de\/?page_id=121\" class=\"more-link\">Read more <span class=\"screen-reader-text\">&#8222;\u00dcber uns&#8220;<\/span><\/a><\/span><\/p>\n","protected":false},"author":1,"featured_media":0,"parent":0,"menu_order":0,"comment_status":"closed","ping_status":"closed","template":"","meta":{"footnotes":""},"class_list":["post-121","page","type-page","status-publish","hentry"],"_links":{"self":[{"href":"https:\/\/gretzmeier-shop.de\/index.php?rest_route=\/wp\/v2\/pages\/121","targetHints":{"allow":["GET"]}}],"collection":[{"href":"https:\/\/gretzmeier-shop.de\/index.php?rest_route=\/wp\/v2\/pages"}],"about":[{"href":"https:\/\/gretzmeier-shop.de\/index.php?rest_route=\/wp\/v2\/types\/page"}],"author":[{"embeddable":true,"href":"https:\/\/gretzmeier-shop.de\/index.php?rest_route=\/wp\/v2\/users\/1"}],"replies":[{"embeddable":true,"href":"https:\/\/gretzmeier-shop.de\/index.php?rest_route=%2Fwp%2Fv2%2Fcomments&post=121"}],"version-history":[{"count":10,"href":"https:\/\/gretzmeier-shop.de\/index.php?rest_route=\/wp\/v2\/pages\/121\/revisions"}],"predecessor-version":[{"id":2311,"href":"https:\/\/gretzmeier-shop.de\/index.php?rest_route=\/wp\/v2\/pages\/121\/revisions\/2311"}],"wp:attachment":[{"href":"https:\/\/gretzmeier-shop.de\/index.php?rest_route=%2Fwp%2Fv2%2Fmedia&parent=121"}],"curies":[{"name":"wp","href":"https:\/\/api.w.org\/{rel}","templated":true}]}}