{"id":139,"date":"2018-03-28T11:15:34","date_gmt":"2018-03-28T10:15:34","guid":{"rendered":"https:\/\/gretzmeier.de\/wp\/?page_id=139"},"modified":"2026-01-28T10:41:10","modified_gmt":"2026-01-28T09:41:10","slug":"willkommen","status":"publish","type":"page","link":"https:\/\/gretzmeier-shop.de\/","title":{"rendered":"Weingut Gretzmeier"},"content":{"rendered":"\n<div class=\"wp-block-media-text alignwide is-stacked-on-mobile\" style=\"grid-template-columns:60% auto\"><figure class=\"wp-block-media-text__media\"><img loading=\"lazy\" decoding=\"async\" width=\"1024\" height=\"768\" src=\"https:\/\/gretzmeier-shop.de\/wp-content\/uploads\/2023\/07\/20230407_0055-1024x768.jpg\" alt=\"\" class=\"wp-image-2307 size-full\" srcset=\"https:\/\/gretzmeier-shop.de\/wp-content\/uploads\/2023\/07\/20230407_0055-1024x768.jpg 1024w, https:\/\/gretzmeier-shop.de\/wp-content\/uploads\/2023\/07\/20230407_0055-300x225.jpg 300w, https:\/\/gretzmeier-shop.de\/wp-content\/uploads\/2023\/07\/20230407_0055-768x576.jpg 768w\" sizes=\"auto, (max-width: 1024px) 100vw, 1024px\" \/><\/figure><div class=\"wp-block-media-text__content\">\n<h4 class=\"wp-block-heading\"><\/h4>\n\n\n\n<h2 class=\"wp-block-heading\">Herzlich Willkommen beim \u00d6ko Wein- und Sektgut Gretzmeier<\/h2>\n\n\n\n<p>Wir freuen uns, Ihnen unser Familienunternehmen in Merdingen, am sonnenverw\u00f6hnten Tuniberg vorstellen zu d\u00fcrfen:<\/p>\n\n\n\n<p>In unserem \u00f6kologischen Wein- und Sektgut sowie unserer hauseigenen Brennerei werden Trauben und verschiedenste Obstsorten aus 100% eigenem biologischem Anbau verarbeitet. Dies erm\u00f6glicht es uns unsere hohe, kontrollierte Qualit\u00e4tsphilosophie zu garantieren.<\/p>\n\n\n\n<p>Au\u00dferdem laden wir Sie herzlichst in unsere saisonell ge\u00f6ffnete, gem\u00fctliche Strau\u00dfwirtschaft zu regionalen Spezialit\u00e4ten ein.<\/p>\n\n\n\n<p><strong>Viel Spa\u00df bei der Erkundung unseres Weinguts!<\/strong><\/p>\n<\/div><\/div>\n\n\n\n<div class=\"wp-block-cover alignfull has-parallax is-light section-fullwidth\"><span aria-hidden=\"true\" class=\"wp-block-cover__background has-background-dim\"><\/span><div class=\"wp-block-cover__image-background wp-image-739 has-parallax\" style=\"background-position:50% 50%;background-image:url(https:\/\/gretzmeier-shop.de\/wp-content\/uploads\/2021\/05\/cropped-20210404_0186-scaled-1.jpg)\"><\/div><div class=\"wp-block-cover__inner-container is-layout-flow wp-block-cover-is-layout-flow\">\n<p class=\"has-text-align-center has-large-font-size\">Aktuelles<\/p>\n\n\n\n<p class=\"has-text-align-center\">Veranstaltungen, Termine etc.<\/p>\n\n\n\n<div class=\"wp-block-buttons is-horizontal is-content-justification-center is-layout-flex wp-container-core-buttons-is-layout-499968f5 wp-block-buttons-is-layout-flex\">\n<div class=\"wp-block-button is-style-outline is-style-outline--1\"><a class=\"wp-block-button__link has-white-color has-text-color wp-element-button\" href=\"https:\/\/gretzmeier-shop.de\/?page_id=811\" style=\"border-radius:5px\">mehr&#8230;<\/a><\/div>\n<\/div>\n\n\n\n<p><\/p>\n<\/div><\/div>\n\n\n\n<h2 class=\"wp-block-heading\">Newsletter Anmeldung<\/h2>\n\n\n\n<div class=\"wpforms-container wpforms-container-full\" id=\"wpforms-1173\"><form id=\"wpforms-form-1173\" class=\"wpforms-validate wpforms-form\" data-formid=\"1173\" method=\"post\" enctype=\"multipart\/form-data\" action=\"\/index.php?rest_route=%2Fwp%2Fv2%2Fpages%2F139\" data-token=\"d4548d6ad0f4ec9aec3460885e59638e\" data-token-time=\"1776102104\"><noscript class=\"wpforms-error-noscript\">Bitte aktiviere JavaScript in deinem Browser, um dieses Formular fertigzustellen.<\/noscript><div class=\"wpforms-field-container\"><div id=\"wpforms-1173-field_0-container\" class=\"wpforms-field wpforms-field-name\" data-field-id=\"0\"><label class=\"wpforms-field-label\">Name <span class=\"wpforms-required-label\">*<\/span><\/label><div class=\"wpforms-field-row wpforms-field-medium\"><div class=\"wpforms-field-row-block wpforms-first wpforms-one-half\"><input type=\"text\" id=\"wpforms-1173-field_0\" class=\"wpforms-field-name-first wpforms-field-required\" name=\"wpforms[fields][0][first]\" required><label for=\"wpforms-1173-field_0\" class=\"wpforms-field-sublabel after\">Vorname<\/label><\/div><div class=\"wpforms-field-row-block wpforms-one-half\"><input type=\"text\" id=\"wpforms-1173-field_0-last\" class=\"wpforms-field-name-last wpforms-field-required\" name=\"wpforms[fields][0][last]\" required><label for=\"wpforms-1173-field_0-last\" class=\"wpforms-field-sublabel after\">Nachname<\/label><\/div><\/div><\/div><div id=\"wpforms-1173-field_1-container\" class=\"wpforms-field wpforms-field-email\" data-field-id=\"1\"><label class=\"wpforms-field-label\" for=\"wpforms-1173-field_1\">E-Mail <span class=\"wpforms-required-label\">*<\/span><\/label><input type=\"email\" id=\"wpforms-1173-field_1\" class=\"wpforms-field-medium wpforms-field-required\" name=\"wpforms[fields][1]\" spellcheck=\"false\" required><\/div><div id=\"wpforms-1173-field_2-container\" class=\"wpforms-field wpforms-field-checkbox\" data-field-id=\"2\"><ul id=\"wpforms-1173-field_2\"><li class=\"choice-1 depth-1\"><input type=\"checkbox\" id=\"wpforms-1173-field_2_1\" name=\"wpforms[fields][2][]\" value=\"Hiermit abonniere ich den kostenlosen Newsletter. Wir achten auf den Schutz Ihrer Daten, hierzu verweisen wir insbesondere auch auf unsere Datenschutzerkl\u00e4rung. \"  ><label class=\"wpforms-field-label-inline\" for=\"wpforms-1173-field_2_1\">Hiermit abonniere ich den kostenlosen Newsletter. Wir achten auf den Schutz Ihrer Daten, hierzu verweisen wir insbesondere auch auf unsere Datenschutzerkl\u00e4rung.<\/label><\/li><\/ul><\/div><\/div><!-- .wpforms-field-container --><div class=\"wpforms-recaptcha-container wpforms-is-turnstile\" ><div class=\"wpforms-turnstile\" data-sitekey=\"0x4AAAAAAChdX5ohSmEzZ9Xa\" data-action=\"FormID-1173\"><\/div><input type=\"text\" name=\"g-recaptcha-hidden\" class=\"wpforms-recaptcha-hidden\" style=\"position:absolute!important;clip:rect(0,0,0,0)!important;height:1px!important;width:1px!important;border:0!important;overflow:hidden!important;padding:0!important;margin:0!important;\" data-rule-turnstile=\"1\"><\/div><div class=\"wpforms-submit-container\" ><input type=\"hidden\" name=\"wpforms[id]\" value=\"1173\"><input type=\"hidden\" name=\"page_title\" value=\"\"><input type=\"hidden\" name=\"page_url\" value=\"https:\/\/gretzmeier-shop.de\/index.php?rest_route=\/wp\/v2\/pages\/139\"><input type=\"hidden\" name=\"url_referer\" value=\"\"><button type=\"submit\" name=\"wpforms[submit]\" id=\"wpforms-submit-1173\" class=\"wpforms-submit\" data-alt-text=\"Senden...\" data-submit-text=\"Absenden\" aria-live=\"assertive\" value=\"wpforms-submit\">Absenden<\/button><\/div><\/form><\/div>  <!-- .wpforms-container -->\n","protected":false},"excerpt":{"rendered":"<p>Herzlich Willkommen beim \u00d6ko Wein- und Sektgut Gretzmeier Wir freuen uns, Ihnen unser Familienunternehmen in Merdingen, am sonnenverw\u00f6hnten Tuniberg vorstellen zu d\u00fcrfen: In unserem \u00f6kologischen Wein- und Sektgut sowie unserer hauseigenen Brennerei werden Trauben und verschiedenste Obstsorten aus 100% eigenem biologischem Anbau verarbeitet. Dies erm\u00f6glicht es uns unsere hohe, kontrollierte Qualit\u00e4tsphilosophie zu garantieren. Au\u00dferdem laden<span class=\"dots\"> &hellip; <\/span><span class=\"link-more\"><a href=\"https:\/\/gretzmeier-shop.de\/\" class=\"more-link\">Read more <span class=\"screen-reader-text\">&#8222;Weingut Gretzmeier&#8220;<\/span><\/a><\/span><\/p>\n","protected":false},"author":1,"featured_media":0,"parent":0,"menu_order":0,"comment_status":"closed","ping_status":"closed","template":"","meta":{"footnotes":""},"class_list":["post-139","page","type-page","status-publish","hentry"],"_links":{"self":[{"href":"https:\/\/gretzmeier-shop.de\/index.php?rest_route=\/wp\/v2\/pages\/139","targetHints":{"allow":["GET"]}}],"collection":[{"href":"https:\/\/gretzmeier-shop.de\/index.php?rest_route=\/wp\/v2\/pages"}],"about":[{"href":"https:\/\/gretzmeier-shop.de\/index.php?rest_route=\/wp\/v2\/types\/page"}],"author":[{"embeddable":true,"href":"https:\/\/gretzmeier-shop.de\/index.php?rest_route=\/wp\/v2\/users\/1"}],"replies":[{"embeddable":true,"href":"https:\/\/gretzmeier-shop.de\/index.php?rest_route=%2Fwp%2Fv2%2Fcomments&post=139"}],"version-history":[{"count":35,"href":"https:\/\/gretzmeier-shop.de\/index.php?rest_route=\/wp\/v2\/pages\/139\/revisions"}],"predecessor-version":[{"id":3719,"href":"https:\/\/gretzmeier-shop.de\/index.php?rest_route=\/wp\/v2\/pages\/139\/revisions\/3719"}],"wp:attachment":[{"href":"https:\/\/gretzmeier-shop.de\/index.php?rest_route=%2Fwp%2Fv2%2Fmedia&parent=139"}],"curies":[{"name":"wp","href":"https:\/\/api.w.org\/{rel}","templated":true}]}}