{"id":39,"date":"2018-03-21T09:36:13","date_gmt":"2018-03-21T08:36:13","guid":{"rendered":"https:\/\/gretzmeier.de\/wp\/?page_id=39"},"modified":"2025-04-08T14:24:47","modified_gmt":"2025-04-08T13:24:47","slug":"berichte","status":"publish","type":"page","link":"https:\/\/gretzmeier-shop.de\/?page_id=39","title":{"rendered":"Presse \/ TV \/ Ver\u00f6ffentlichungen"},"content":{"rendered":"\n<h1 class=\"wp-block-heading\"><\/h1>\n\n\n\n<p><br>SWR Aktuell ab Minute 9.30 Tr\u00fcffelfund<\/p>\n\n\n\n<figure class=\"wp-block-image size-large\"><a href=\"https:\/\/www.ardmediathek.de\/video\/Y3JpZDovL3N3ci5kZS9hZXgvbzIxOTkyNDA?fbclid=PAZXh0bgNhZW0CMTEAAade6U1278fFTzTnQtA-T2nSkrOLRHkIFC87wiMscj7lbeFGasERM1i9GEB0Wg_aem_lLsqJfk0Wj939rv9n7i8mA\"><img loading=\"lazy\" decoding=\"async\" width=\"1024\" height=\"667\" src=\"https:\/\/gretzmeier-shop.de\/wp-content\/uploads\/2025\/04\/image-1-1024x667.png\" alt=\"\" class=\"wp-image-3353\" srcset=\"https:\/\/gretzmeier-shop.de\/wp-content\/uploads\/2025\/04\/image-1-1024x667.png 1024w, https:\/\/gretzmeier-shop.de\/wp-content\/uploads\/2025\/04\/image-1-300x195.png 300w, https:\/\/gretzmeier-shop.de\/wp-content\/uploads\/2025\/04\/image-1-768x500.png 768w, https:\/\/gretzmeier-shop.de\/wp-content\/uploads\/2025\/04\/image-1.png 1298w\" sizes=\"auto, (max-width: 1024px) 100vw, 1024px\" \/><\/a><\/figure>\n\n\n\n<p>SWR Mediathek: Perigord Fund in der Landesschau<\/p>\n\n\n\n<figure class=\"wp-block-image size-large\"><a href=\"https:\/\/www.ardmediathek.de\/video\/landesschau-baden-wuerttemberg\/heinrich-und-elli-gretzmeier-sind-auf-der-suche-nach-den-besten-trueffeln\/swr-bw\/Y3JpZDovL3N3ci5kZS9hZXgvbzIxODY4NzI\"><img loading=\"lazy\" decoding=\"async\" width=\"1024\" height=\"481\" src=\"https:\/\/gretzmeier-shop.de\/wp-content\/uploads\/2025\/04\/image-1024x481.png\" alt=\"\" class=\"wp-image-3352\" srcset=\"https:\/\/gretzmeier-shop.de\/wp-content\/uploads\/2025\/04\/image-1024x481.png 1024w, https:\/\/gretzmeier-shop.de\/wp-content\/uploads\/2025\/04\/image-300x141.png 300w, https:\/\/gretzmeier-shop.de\/wp-content\/uploads\/2025\/04\/image-768x361.png 768w, https:\/\/gretzmeier-shop.de\/wp-content\/uploads\/2025\/04\/image.png 1284w\" sizes=\"auto, (max-width: 1024px) 100vw, 1024px\" \/><\/a><\/figure>\n\n\n\n<p>IM RADIO im Elsass:<\/p>\n\n\n\n<div class=\"wp-block-buttons is-layout-flex wp-block-buttons-is-layout-flex\">\n<div class=\"wp-block-button\"><a class=\"wp-block-button__link wp-element-button\" href=\"https:\/\/www.francebleu.fr\/emissions\/producteurs-d-alsace\/elsass\/les-vins-et-mousseux-bio-du-domaine-gretzmeier-a-merdingen-die-oko-weine-und-sekte-des-weingutes?utm_medium=Social&amp;utm_source=Facebook&amp;fbclid=IwAR1uEXtoi0_jf1DRoRdLr9FQCrXIWKktHA0AM5LNJ4CUY2iFP8zBl2IohVo#Echobox=1600678629\" target=\"_blank\" rel=\"noreferrer noopener\">-Anh\u00f6ren-<\/a><\/div>\n<\/div>\n\n\n\n<div class=\"wp-block-buttons is-layout-flex wp-block-buttons-is-layout-flex\"><\/div>\n\n\n\n<p><\/p>\n\n\n\n<div class=\"wp-block-group is-nowrap is-layout-flex wp-container-core-group-is-layout-ad2f72ca wp-block-group-is-layout-flex\">\n<div class=\"wp-block-columns alignwide are-vertically-aligned-top is-layout-flex wp-container-core-columns-is-layout-9d6595d7 wp-block-columns-is-layout-flex\">\n<div class=\"wp-block-column is-layout-flow wp-block-column-is-layout-flow\"><\/div>\n<\/div>\n<\/div>\n\n\n<h3><a title=\"\" href=\"https:\/\/www.badische-zeitung.de\/trueffelfieber-in-merdingen-die-ersten-perigord-trueffel-wurden-gefunden\">Tr\u00fcffelfieber in Merdingen \u2013 die ersten Perigord-Tr\u00fcffel wurden gefunden<\/a> Artikel aus der Badischen Zeitung am 24.1.25<\/h3>\n<p><a href=\"https:\/\/gretzmeier-shop.de\/wp-content\/uploads\/2025\/02\/BZ-Perigord_25.01.2025_25-scaled.jpg\"><img loading=\"lazy\" decoding=\"async\" class=\"alignnone size-full wp-image-3220\" src=\"https:\/\/gretzmeier-shop.de\/wp-content\/uploads\/2025\/02\/BZ-Perigord_25.01.2025_25-scaled.jpg\" alt=\"\" width=\"1715\" height=\"2560\" srcset=\"https:\/\/gretzmeier-shop.de\/wp-content\/uploads\/2025\/02\/BZ-Perigord_25.01.2025_25-scaled.jpg 1715w, https:\/\/gretzmeier-shop.de\/wp-content\/uploads\/2025\/02\/BZ-Perigord_25.01.2025_25-201x300.jpg 201w, https:\/\/gretzmeier-shop.de\/wp-content\/uploads\/2025\/02\/BZ-Perigord_25.01.2025_25-686x1024.jpg 686w, https:\/\/gretzmeier-shop.de\/wp-content\/uploads\/2025\/02\/BZ-Perigord_25.01.2025_25-768x1146.jpg 768w, https:\/\/gretzmeier-shop.de\/wp-content\/uploads\/2025\/02\/BZ-Perigord_25.01.2025_25-1029x1536.jpg 1029w, https:\/\/gretzmeier-shop.de\/wp-content\/uploads\/2025\/02\/BZ-Perigord_25.01.2025_25-1372x2048.jpg 1372w, https:\/\/gretzmeier-shop.de\/wp-content\/uploads\/2025\/02\/BZ-Perigord_25.01.2025_25-300x448.jpg 300w\" sizes=\"auto, (max-width: 1715px) 100vw, 1715px\" \/><\/a><\/p>\n<h3><a href=\"https:\/\/www.badische-zeitung.de\/im-winter-legen-winzer-die-grundlagen-fuer-den-erfolg-in-weinberg-und-keller?fbclid=IwAR3reYXhbOEdWn3y7R3cwlPrbPMoJ_lBJiRMYwlcWyV97zpN6yBpxuL92YA\">Badische Zeitung &#8211; Weinwissen, Jan. 2021<\/a><\/h3>\n<p><img loading=\"lazy\" decoding=\"async\" class=\"alignnone size-medium wp-image-873\" src=\"https:\/\/gretzmeier-shop.de\/wp-content\/uploads\/2021\/05\/BZ-300x298.png\" alt=\"\" width=\"300\" height=\"298\" srcset=\"https:\/\/gretzmeier-shop.de\/wp-content\/uploads\/2021\/05\/BZ-300x298.png 300w, https:\/\/gretzmeier-shop.de\/wp-content\/uploads\/2021\/05\/BZ-150x150.png 150w, https:\/\/gretzmeier-shop.de\/wp-content\/uploads\/2021\/05\/BZ-768x763.png 768w, https:\/\/gretzmeier-shop.de\/wp-content\/uploads\/2021\/05\/BZ-100x100.png 100w, https:\/\/gretzmeier-shop.de\/wp-content\/uploads\/2021\/05\/BZ.png 845w\" sizes=\"auto, (max-width: 300px) 100vw, 300px\" \/><\/p>\n<h3><a class=\"oajrlxb2 g5ia77u1 qu0x051f esr5mh6w e9989ue4 r7d6kgcz rq0escxv nhd2j8a9 nc684nl6 p7hjln8o kvgmc6g5 cxmmr5t8 oygrvhab hcukyx3x jb3vyjys rz4wbd8a qt6c0cv9 a8nywdso i1ao9s8h esuyzwwr f1sip0of lzcic4wl q66pz984 gpro0wi8 b1v8xokw\" tabindex=\"0\" role=\"link\" href=\"https:\/\/www.facebook.com\/faz\/?__cft__[0]=AZUGLDCZoUsccjpNZ1WI2ggjLGSw7-k2gDWtUcwaM3bOGjzA9ObxiCPFFcqttO949lTqqxUuwAv3e-ezTQCTw7lDoEuryFauuGABrI9ETx09h6jCeptR_DHMmGcbkjJq00KUjPv-TfX9xWFXcrfR_gGO8bDXpzGg5C4nqrXtf8d-s-XXHr0NN91yl_DhoR-XZDg&amp;__tn__=kK-R\"><span class=\"nc684nl6\">FAZ.NET &#8211; Frankfurter Allgemeine Zeitung<\/span><\/a> \u00fcber Tr\u00fcffelanbau, Dez. 2020<\/h3>\n<p><img loading=\"lazy\" decoding=\"async\" class=\"alignnone size-medium wp-image-876\" src=\"https:\/\/gretzmeier-shop.de\/wp-content\/uploads\/2021\/05\/faz-249x300.jpg\" alt=\"\" width=\"249\" height=\"300\" srcset=\"https:\/\/gretzmeier-shop.de\/wp-content\/uploads\/2021\/05\/faz-249x300.jpg 249w, https:\/\/gretzmeier-shop.de\/wp-content\/uploads\/2021\/05\/faz-768x925.jpg 768w, https:\/\/gretzmeier-shop.de\/wp-content\/uploads\/2021\/05\/faz-300x361.jpg 300w, https:\/\/gretzmeier-shop.de\/wp-content\/uploads\/2021\/05\/faz.jpg 797w\" sizes=\"auto, (max-width: 249px) 100vw, 249px\" \/> <img loading=\"lazy\" decoding=\"async\" class=\"alignnone size-medium wp-image-877\" src=\"https:\/\/gretzmeier-shop.de\/wp-content\/uploads\/2021\/05\/faz1-240x300.jpg\" alt=\"\" width=\"240\" height=\"300\" srcset=\"https:\/\/gretzmeier-shop.de\/wp-content\/uploads\/2021\/05\/faz1-240x300.jpg 240w, https:\/\/gretzmeier-shop.de\/wp-content\/uploads\/2021\/05\/faz1-300x375.jpg 300w, https:\/\/gretzmeier-shop.de\/wp-content\/uploads\/2021\/05\/faz1.jpg 767w\" sizes=\"auto, (max-width: 240px) 100vw, 240px\" \/> <img loading=\"lazy\" decoding=\"async\" class=\"alignnone size-medium wp-image-878\" src=\"https:\/\/gretzmeier-shop.de\/wp-content\/uploads\/2021\/05\/faz2-286x300.jpg\" alt=\"\" width=\"286\" height=\"300\" srcset=\"https:\/\/gretzmeier-shop.de\/wp-content\/uploads\/2021\/05\/faz2-286x300.jpg 286w, https:\/\/gretzmeier-shop.de\/wp-content\/uploads\/2021\/05\/faz2-768x807.jpg 768w, https:\/\/gretzmeier-shop.de\/wp-content\/uploads\/2021\/05\/faz2-300x315.jpg 300w, https:\/\/gretzmeier-shop.de\/wp-content\/uploads\/2021\/05\/faz2.jpg 914w\" sizes=\"auto, (max-width: 286px) 100vw, 286px\" \/> <img loading=\"lazy\" decoding=\"async\" class=\"alignnone size-medium wp-image-879\" src=\"https:\/\/gretzmeier-shop.de\/wp-content\/uploads\/2021\/05\/faz3-300x284.jpg\" alt=\"\" width=\"300\" height=\"284\" srcset=\"https:\/\/gretzmeier-shop.de\/wp-content\/uploads\/2021\/05\/faz3-300x284.jpg 300w, https:\/\/gretzmeier-shop.de\/wp-content\/uploads\/2021\/05\/faz3-768x728.jpg 768w, https:\/\/gretzmeier-shop.de\/wp-content\/uploads\/2021\/05\/faz3.jpg 960w\" sizes=\"auto, (max-width: 300px) 100vw, 300px\" \/> <img loading=\"lazy\" decoding=\"async\" class=\"alignnone size-medium wp-image-880\" src=\"https:\/\/gretzmeier-shop.de\/wp-content\/uploads\/2021\/05\/faz4-300x285.jpg\" alt=\"\" width=\"300\" height=\"285\" srcset=\"https:\/\/gretzmeier-shop.de\/wp-content\/uploads\/2021\/05\/faz4-300x285.jpg 300w, https:\/\/gretzmeier-shop.de\/wp-content\/uploads\/2021\/05\/faz4-768x729.jpg 768w, https:\/\/gretzmeier-shop.de\/wp-content\/uploads\/2021\/05\/faz4.jpg 960w\" sizes=\"auto, (max-width: 300px) 100vw, 300px\" \/> <img loading=\"lazy\" decoding=\"async\" class=\"alignnone size-medium wp-image-881\" src=\"https:\/\/gretzmeier-shop.de\/wp-content\/uploads\/2021\/05\/faz5-300x290.jpg\" alt=\"\" width=\"300\" height=\"290\" srcset=\"https:\/\/gretzmeier-shop.de\/wp-content\/uploads\/2021\/05\/faz5-300x290.jpg 300w, https:\/\/gretzmeier-shop.de\/wp-content\/uploads\/2021\/05\/faz5-768x742.jpg 768w, https:\/\/gretzmeier-shop.de\/wp-content\/uploads\/2021\/05\/faz5.jpg 960w\" sizes=\"auto, (max-width: 300px) 100vw, 300px\" \/> <img loading=\"lazy\" decoding=\"async\" class=\"alignnone size-medium wp-image-882\" src=\"https:\/\/gretzmeier-shop.de\/wp-content\/uploads\/2021\/05\/faz6-300x288.jpg\" alt=\"\" width=\"300\" height=\"288\" srcset=\"https:\/\/gretzmeier-shop.de\/wp-content\/uploads\/2021\/05\/faz6-300x288.jpg 300w, https:\/\/gretzmeier-shop.de\/wp-content\/uploads\/2021\/05\/faz6-768x738.jpg 768w, https:\/\/gretzmeier-shop.de\/wp-content\/uploads\/2021\/05\/faz6.jpg 960w\" sizes=\"auto, (max-width: 300px) 100vw, 300px\" \/><\/p>\n<h3><a href=\"http:\/\/www.badische-zeitung.de\/merdingen\/trueffel-fuers-herrchen-leckerli-fuer-alba\" target=\"_blank\" rel=\"noopener\">Badische Zeitung &#8211; Tr\u00fcffel f\u00fcrs Herrchen, Leckerli f\u00fcr Alba, 2017<\/a><\/h3>\n<div id=\"jv-sidebar1\">\n<div class=\"jv-sbinner\">\n<div id=\"jv-left\" class=\"modulebox\">\n<div class=\"jv-inner clearfix\">\n<div class=\"jv-left u-1 black\">\n<div class=\"jv-module\">\n<div class=\"contentmod clearfix\">\u00a0<\/div>\n<\/div>\n<\/div>\n<\/div>\n<\/div>\n<\/div>\n<\/div>\n\n\n<h2 class=\"wp-block-heading\">Auszeichnungen:<\/h2>\n\n\n\n<p>Hauptpreis im Wettbewerb &#8222;H\u00f6fe f\u00fcr Biologische Vielfalt&#8220; in der Kategorie Weinbau!<\/p>\n\n\n\n<figure class=\"wp-block-image size-large is-resized\"><img loading=\"lazy\" decoding=\"async\" width=\"573\" height=\"1024\" src=\"https:\/\/gretzmeier-shop.de\/wp-content\/uploads\/2021\/05\/Auszeichnungen-573x1024.jpg\" alt=\"\" class=\"wp-image-885\" style=\"width:248px;height:444px\" srcset=\"https:\/\/gretzmeier-shop.de\/wp-content\/uploads\/2021\/05\/Auszeichnungen-573x1024.jpg 573w, https:\/\/gretzmeier-shop.de\/wp-content\/uploads\/2021\/05\/Auszeichnungen-168x300.jpg 168w, https:\/\/gretzmeier-shop.de\/wp-content\/uploads\/2021\/05\/Auszeichnungen-768x1372.jpg 768w, https:\/\/gretzmeier-shop.de\/wp-content\/uploads\/2021\/05\/Auszeichnungen-860x1536.jpg 860w, https:\/\/gretzmeier-shop.de\/wp-content\/uploads\/2021\/05\/Auszeichnungen-300x536.jpg 300w, https:\/\/gretzmeier-shop.de\/wp-content\/uploads\/2021\/05\/Auszeichnungen.jpg 1146w\" sizes=\"auto, (max-width: 573px) 100vw, 573px\" \/><\/figure>\n","protected":false},"excerpt":{"rendered":"<p>SWR Aktuell ab Minute 9.30 Tr\u00fcffelfund SWR Mediathek: Perigord Fund in der Landesschau IM RADIO im Elsass: Tr\u00fcffelfieber in Merdingen \u2013 die ersten Perigord-Tr\u00fcffel wurden gefunden Artikel aus der Badischen Zeitung am 24.1.25 Badische Zeitung &#8211; Weinwissen, Jan. 2021 FAZ.NET &#8211; Frankfurter Allgemeine Zeitung \u00fcber Tr\u00fcffelanbau, Dez. 2020 Badische Zeitung &#8211; Tr\u00fcffel f\u00fcrs Herrchen, Leckerli<span class=\"dots\"> &hellip; <\/span><span class=\"link-more\"><a href=\"https:\/\/gretzmeier-shop.de\/?page_id=39\" class=\"more-link\">Read more <span class=\"screen-reader-text\">&#8222;Presse \/ TV \/ Ver\u00f6ffentlichungen&#8220;<\/span><\/a><\/span><\/p>\n","protected":false},"author":1,"featured_media":0,"parent":0,"menu_order":0,"comment_status":"closed","ping_status":"closed","template":"","meta":{"footnotes":""},"class_list":["post-39","page","type-page","status-publish","hentry"],"_links":{"self":[{"href":"https:\/\/gretzmeier-shop.de\/index.php?rest_route=\/wp\/v2\/pages\/39","targetHints":{"allow":["GET"]}}],"collection":[{"href":"https:\/\/gretzmeier-shop.de\/index.php?rest_route=\/wp\/v2\/pages"}],"about":[{"href":"https:\/\/gretzmeier-shop.de\/index.php?rest_route=\/wp\/v2\/types\/page"}],"author":[{"embeddable":true,"href":"https:\/\/gretzmeier-shop.de\/index.php?rest_route=\/wp\/v2\/users\/1"}],"replies":[{"embeddable":true,"href":"https:\/\/gretzmeier-shop.de\/index.php?rest_route=%2Fwp%2Fv2%2Fcomments&post=39"}],"version-history":[{"count":29,"href":"https:\/\/gretzmeier-shop.de\/index.php?rest_route=\/wp\/v2\/pages\/39\/revisions"}],"predecessor-version":[{"id":3354,"href":"https:\/\/gretzmeier-shop.de\/index.php?rest_route=\/wp\/v2\/pages\/39\/revisions\/3354"}],"wp:attachment":[{"href":"https:\/\/gretzmeier-shop.de\/index.php?rest_route=%2Fwp%2Fv2%2Fmedia&parent=39"}],"curies":[{"name":"wp","href":"https:\/\/api.w.org\/{rel}","templated":true}]}}