{"id":483,"date":"2021-04-27T14:41:38","date_gmt":"2021-04-27T13:41:38","guid":{"rendered":"https:\/\/gretzmeier-shop.de\/?page_id=483"},"modified":"2026-04-04T09:25:23","modified_gmt":"2026-04-04T08:25:23","slug":"aktuelles","status":"publish","type":"page","link":"https:\/\/gretzmeier-shop.de\/?page_id=483","title":{"rendered":"Veranstaltungen"},"content":{"rendered":"\n<div class=\"wp-block-group alignfull is-swap-on-mobile services-page\"><div class=\"wp-block-group__inner-container is-layout-flow wp-block-group-is-layout-flow\">\n<div class=\"wp-block-columns alignwide is-layout-flex wp-container-core-columns-is-layout-9d6595d7 wp-block-columns-is-layout-flex\">\n<div class=\"wp-block-column is-layout-flow wp-block-column-is-layout-flow\">\n<h2 class=\"wp-block-heading\">Weinbergf\u00fchrungen<\/h2>\n\n\n\n<p>Wenn unsere Strau\u00dfe ge\u00f6ffnet ist, bieten wir nach Vereinbarung zudem eine ausgefallene und anregende Weinbergf\u00fchrung mit Weinprobe und anschlie\u00dfendem gem\u00fctlichen Beisammensein in der Strau\u00dfe an.<\/p>\n\n\n\n<p><strong>Termine gerne nach Absprache mit Gruppen ab 20 Personen.<\/strong><\/p>\n<\/div>\n\n\n\n<div class=\"wp-block-column is-layout-flow wp-block-column-is-layout-flow\">\n<figure class=\"wp-block-image size-large is-style-default\"><img loading=\"lazy\" decoding=\"async\" width=\"1024\" height=\"768\" src=\"https:\/\/gretzmeier-shop.de\/wp-content\/uploads\/2021\/05\/Foto-4-1024x768.jpg\" alt=\"\" class=\"wp-image-770\" srcset=\"https:\/\/gretzmeier-shop.de\/wp-content\/uploads\/2021\/05\/Foto-4-1024x768.jpg 1024w, https:\/\/gretzmeier-shop.de\/wp-content\/uploads\/2021\/05\/Foto-4-300x225.jpg 300w, https:\/\/gretzmeier-shop.de\/wp-content\/uploads\/2021\/05\/Foto-4-768x576.jpg 768w, https:\/\/gretzmeier-shop.de\/wp-content\/uploads\/2021\/05\/Foto-4-1536x1152.jpg 1536w, https:\/\/gretzmeier-shop.de\/wp-content\/uploads\/2021\/05\/Foto-4.jpg 1632w\" sizes=\"auto, (max-width: 1024px) 100vw, 1024px\" \/><\/figure>\n<\/div>\n<\/div>\n\n\n\n<div class=\"wp-block-columns alignwide is-layout-flex wp-container-core-columns-is-layout-9d6595d7 wp-block-columns-is-layout-flex\">\n<div class=\"wp-block-column is-layout-flow wp-block-column-is-layout-flow\">\n<figure class=\"wp-block-image size-large is-style-default\"><img loading=\"lazy\" decoding=\"async\" width=\"1024\" height=\"683\" src=\"https:\/\/gretzmeier-shop.de\/wp-content\/uploads\/2021\/05\/gretzmeier-9-1024x683.jpg\" alt=\"\" class=\"wp-image-673\" srcset=\"https:\/\/gretzmeier-shop.de\/wp-content\/uploads\/2021\/05\/gretzmeier-9-1024x683.jpg 1024w, https:\/\/gretzmeier-shop.de\/wp-content\/uploads\/2021\/05\/gretzmeier-9-300x200.jpg 300w, https:\/\/gretzmeier-shop.de\/wp-content\/uploads\/2021\/05\/gretzmeier-9-768x512.jpg 768w, https:\/\/gretzmeier-shop.de\/wp-content\/uploads\/2021\/05\/gretzmeier-9-1536x1024.jpg 1536w, https:\/\/gretzmeier-shop.de\/wp-content\/uploads\/2021\/05\/gretzmeier-9-2048x1366.jpg 2048w\" sizes=\"auto, (max-width: 1024px) 100vw, 1024px\" \/><\/figure>\n<\/div>\n\n\n\n<div class=\"wp-block-column is-layout-flow wp-block-column-is-layout-flow\">\n<h2 class=\"wp-block-heading\">Tr\u00fcffelwanderungen<\/h2>\n\n\n\n<p><strong>&#8211; 01.08. , 26.09. (ausgebucht), 17.10.2026<\/strong> <strong>(ausgebucht)<\/strong>\u00a0 Tr\u00fcffelwanderung mit Weinprobe und Kulinarischem im Weingut Gretzmeier. 15 Uhr \/ 98\u20ac<\/p>\n\n\n\n<p>&nbsp;Anmeldung unter: 07668 9529527 oder&nbsp;<a href=\"mailto:elli.gretzmeier@gmx.de\">elli.gretzmeier@gmx.de<\/a><\/p>\n\n\n\n<p>Gerne organisieren wir auch eine individuelle Tr\u00fcffelwanderung ab 20 Personen.<\/p>\n\n\n\n<div class=\"wp-block-buttons is-layout-flex wp-block-buttons-is-layout-flex\"><\/div>\n<\/div>\n<\/div>\n\n\n\n<div class=\"wp-block-columns alignwide is-layout-flex wp-container-core-columns-is-layout-9d6595d7 wp-block-columns-is-layout-flex\">\n<div class=\"wp-block-column is-layout-flow wp-block-column-is-layout-flow\">\n<h2 class=\"wp-block-heading\">Weinproben <\/h2>\n\n\n\n<p>Wollen Sie unsere Weine kennen lernen? Gerne organisieren wir auf Anfrage individuelle Weinproben und interessante Kellerbesichtigungen f\u00fcr bis zu maximal 60 Personen.<\/p>\n\n\n\n<p>Wenn unsere Strau\u00dfe ge\u00f6ffnet ist, bieten wir nach Vereinbarung zudem eine ausgefallene und anregende Weinbergf\u00fchrung mit Weinprobe und anschlie\u00dfendem gem\u00fctlichen Beisammensein in der Strau\u00dfe an.<\/p>\n\n\n\n<p>Wir w\u00fcrden uns freuen Ihnen unsere gen\u00fcsslichen Produkte vorstellen zu d\u00fcrfen.<\/p>\n\n\n\n<div class=\"wp-block-buttons is-layout-flex wp-block-buttons-is-layout-flex\"><\/div>\n<\/div>\n\n\n\n<div class=\"wp-block-column is-layout-flow wp-block-column-is-layout-flow\">\n<figure class=\"wp-block-image size-large is-style-default\"><img loading=\"lazy\" decoding=\"async\" width=\"1024\" height=\"683\" src=\"https:\/\/gretzmeier-shop.de\/wp-content\/uploads\/2021\/05\/IMG_1032-1024x683.jpg\" alt=\"\" class=\"wp-image-1018\" srcset=\"https:\/\/gretzmeier-shop.de\/wp-content\/uploads\/2021\/05\/IMG_1032-1024x683.jpg 1024w, https:\/\/gretzmeier-shop.de\/wp-content\/uploads\/2021\/05\/IMG_1032-300x200.jpg 300w, https:\/\/gretzmeier-shop.de\/wp-content\/uploads\/2021\/05\/IMG_1032-768x512.jpg 768w, https:\/\/gretzmeier-shop.de\/wp-content\/uploads\/2021\/05\/IMG_1032-1536x1024.jpg 1536w, https:\/\/gretzmeier-shop.de\/wp-content\/uploads\/2021\/05\/IMG_1032-2048x1365.jpg 2048w\" sizes=\"auto, (max-width: 1024px) 100vw, 1024px\" \/><\/figure>\n<\/div>\n<\/div>\n\n\n\n<div class=\"wp-block-columns alignwide is-layout-flex wp-container-core-columns-is-layout-9d6595d7 wp-block-columns-is-layout-flex\">\n<div class=\"wp-block-column is-layout-flow wp-block-column-is-layout-flow\">\n<figure class=\"wp-block-image size-large is-resized is-style-default\"><img loading=\"lazy\" decoding=\"async\" width=\"960\" height=\"720\" src=\"https:\/\/gretzmeier-shop.de\/wp-content\/uploads\/2021\/05\/27544866_1326091414162498_5764929879124111735_n.jpg\" alt=\"\" class=\"wp-image-775\" style=\"width:529px;height:396px\" srcset=\"https:\/\/gretzmeier-shop.de\/wp-content\/uploads\/2021\/05\/27544866_1326091414162498_5764929879124111735_n.jpg 960w, https:\/\/gretzmeier-shop.de\/wp-content\/uploads\/2021\/05\/27544866_1326091414162498_5764929879124111735_n-300x225.jpg 300w, https:\/\/gretzmeier-shop.de\/wp-content\/uploads\/2021\/05\/27544866_1326091414162498_5764929879124111735_n-768x576.jpg 768w\" sizes=\"auto, (max-width: 960px) 100vw, 960px\" \/><\/figure>\n<\/div>\n\n\n\n<div class=\"wp-block-column is-layout-flow wp-block-column-is-layout-flow\">\n<h2 class=\"wp-block-heading\">Wein-Messen<\/h2>\n\n\n\n<p>Folgende Wein-Messen besuchen wir dieses Jahr:<\/p>\n\n\n\n<div class=\"wp-block-group is-vertical is-layout-flex wp-container-core-group-is-layout-8cf370e7 wp-block-group-is-layout-flex\">\n<div class=\"wp-block-group is-vertical is-layout-flex wp-container-core-group-is-layout-8cf370e7 wp-block-group-is-layout-flex\">\n<div class=\"wp-block-group is-vertical is-layout-flex wp-container-core-group-is-layout-8cf370e7 wp-block-group-is-layout-flex\">\n<p class=\"wp-container-content-b8e8afd0\">WeinD\u00fcsseldorf 07.-08. M\u00e4rz 2026 Rheinterrasse <\/p>\n\n\n\n<p class=\"wp-container-content-b8e8afd0\">WeinM\u00fcnchen 20. \u2013 22. M\u00e4rz 2026 Praterinsel <\/p>\n\n\n\n<p class=\"wp-container-content-b8e8afd0\">K\u00f6lnWein 28. &#8211; 29. M\u00e4rz 2026 G\u00fcrzenich<\/p>\n<\/div>\n<\/div>\n<\/div>\n\n\n\n<div class=\"wp-block-group\"><div class=\"wp-block-group__inner-container is-layout-constrained wp-block-group-is-layout-constrained\">\n<p>WeinDortmund 03. \u2013 04. Oktober 2026 Industrieklub<br>WeinM\u00fcnchen 16. \u2013 18. Oktober 2026 Praterinsel<br>WeinBerlin 24. \u2013 25. Oktober 2026 MOA<br>WeinHamburg 31. \u2013 01. November 2026 Messehalle B1<\/p>\n<\/div><\/div>\n<\/div>\n<\/div>\n<\/div><\/div>\n","protected":false},"excerpt":{"rendered":"<p>Weinbergf\u00fchrungen Wenn unsere Strau\u00dfe ge\u00f6ffnet ist, bieten wir nach Vereinbarung zudem eine ausgefallene und anregende Weinbergf\u00fchrung mit Weinprobe und anschlie\u00dfendem gem\u00fctlichen Beisammensein in der Strau\u00dfe an. Termine gerne nach Absprache mit Gruppen ab 20 Personen. Tr\u00fcffelwanderungen &#8211; 01.08. , 26.09. (ausgebucht), 17.10.2026 (ausgebucht)\u00a0 Tr\u00fcffelwanderung mit Weinprobe und Kulinarischem im Weingut Gretzmeier. 15 Uhr \/ 98\u20ac<span class=\"dots\"> &hellip; <\/span><span class=\"link-more\"><a href=\"https:\/\/gretzmeier-shop.de\/?page_id=483\" class=\"more-link\">Read more <span class=\"screen-reader-text\">&#8222;Veranstaltungen&#8220;<\/span><\/a><\/span><\/p>\n","protected":false},"author":1,"featured_media":0,"parent":0,"menu_order":0,"comment_status":"closed","ping_status":"closed","template":"","meta":{"footnotes":""},"class_list":["post-483","page","type-page","status-publish","hentry"],"_links":{"self":[{"href":"https:\/\/gretzmeier-shop.de\/index.php?rest_route=\/wp\/v2\/pages\/483","targetHints":{"allow":["GET"]}}],"collection":[{"href":"https:\/\/gretzmeier-shop.de\/index.php?rest_route=\/wp\/v2\/pages"}],"about":[{"href":"https:\/\/gretzmeier-shop.de\/index.php?rest_route=\/wp\/v2\/types\/page"}],"author":[{"embeddable":true,"href":"https:\/\/gretzmeier-shop.de\/index.php?rest_route=\/wp\/v2\/users\/1"}],"replies":[{"embeddable":true,"href":"https:\/\/gretzmeier-shop.de\/index.php?rest_route=%2Fwp%2Fv2%2Fcomments&post=483"}],"version-history":[{"count":37,"href":"https:\/\/gretzmeier-shop.de\/index.php?rest_route=\/wp\/v2\/pages\/483\/revisions"}],"predecessor-version":[{"id":3851,"href":"https:\/\/gretzmeier-shop.de\/index.php?rest_route=\/wp\/v2\/pages\/483\/revisions\/3851"}],"wp:attachment":[{"href":"https:\/\/gretzmeier-shop.de\/index.php?rest_route=%2Fwp%2Fv2%2Fmedia&parent=483"}],"curies":[{"name":"wp","href":"https:\/\/api.w.org\/{rel}","templated":true}]}}