{"id":573,"date":"2021-04-30T08:41:36","date_gmt":"2021-04-30T07:41:36","guid":{"rendered":"https:\/\/gretzmeier-shop.de\/?page_id=573"},"modified":"2023-07-10T10:24:42","modified_gmt":"2023-07-10T09:24:42","slug":"trueffel","status":"publish","type":"page","link":"https:\/\/gretzmeier-shop.de\/?page_id=573","title":{"rendered":"Tr\u00fcffel"},"content":{"rendered":"\n<h2 class=\"wp-block-heading\"><strong>Wir haben zwar kein Schwein, aber daf\u00fcr H\u00fcndin Alba<\/strong> <strong>und Lotte<\/strong><\/h2>\n\n\n\n<figure class=\"wp-block-image size-large\"><img loading=\"lazy\" decoding=\"async\" width=\"768\" height=\"1024\" src=\"https:\/\/gretzmeier-shop.de\/wp-content\/uploads\/2023\/07\/20230407_0033-1-768x1024.jpg\" alt=\"\" class=\"wp-image-2313\" srcset=\"https:\/\/gretzmeier-shop.de\/wp-content\/uploads\/2023\/07\/20230407_0033-1-768x1024.jpg 768w, https:\/\/gretzmeier-shop.de\/wp-content\/uploads\/2023\/07\/20230407_0033-1-225x300.jpg 225w, https:\/\/gretzmeier-shop.de\/wp-content\/uploads\/2023\/07\/20230407_0033-1-300x400.jpg 300w\" sizes=\"auto, (max-width: 768px) 100vw, 768px\" \/><\/figure>\n\n\n\n<p>Tr\u00fcffel direkt aus Baden.  Dies nahm sich Heinrich 2004 vor, nach dem er eine Weinprobe im Burgund besuchte und unwissentlich eine tr\u00fcffelinfizierte Haselhecke mitnahm. Die erste Ernte gab es dann 2017.  Unsere edlen Knollen k\u00f6nnen Sie in unserer Strau\u00dfe auf dem Flammkuchen oder als Tr\u00fcffelbutter genie\u00dfen. Wenn Alba und Lotte flei\u00dfig waren und wir den Tr\u00fcffel nicht in der Strau\u00dfe ben\u00f6tigen, verkaufen wir Ihnen auch gerne etwas davon. <\/p>\n\n\n\n<p>Preise und Verf\u00fcgbarkeit nach Absprache: 07668 9529527.<\/p>\n\n\n\n<p><\/p>\n","protected":false},"excerpt":{"rendered":"<p>Wir haben zwar kein Schwein, aber daf\u00fcr H\u00fcndin Alba und Lotte Tr\u00fcffel direkt aus Baden. Dies nahm sich Heinrich 2004 vor, nach dem er eine Weinprobe im Burgund besuchte und unwissentlich eine tr\u00fcffelinfizierte Haselhecke mitnahm. Die erste Ernte gab es dann 2017. Unsere edlen Knollen k\u00f6nnen Sie in unserer Strau\u00dfe auf dem Flammkuchen oder als<span class=\"dots\"> &hellip; <\/span><span class=\"link-more\"><a href=\"https:\/\/gretzmeier-shop.de\/?page_id=573\" class=\"more-link\">Read more <span class=\"screen-reader-text\">&#8222;Tr\u00fcffel&#8220;<\/span><\/a><\/span><\/p>\n","protected":false},"author":1,"featured_media":0,"parent":0,"menu_order":0,"comment_status":"closed","ping_status":"closed","template":"","meta":{"footnotes":""},"class_list":["post-573","page","type-page","status-publish","hentry"],"_links":{"self":[{"href":"https:\/\/gretzmeier-shop.de\/index.php?rest_route=\/wp\/v2\/pages\/573","targetHints":{"allow":["GET"]}}],"collection":[{"href":"https:\/\/gretzmeier-shop.de\/index.php?rest_route=\/wp\/v2\/pages"}],"about":[{"href":"https:\/\/gretzmeier-shop.de\/index.php?rest_route=\/wp\/v2\/types\/page"}],"author":[{"embeddable":true,"href":"https:\/\/gretzmeier-shop.de\/index.php?rest_route=\/wp\/v2\/users\/1"}],"replies":[{"embeddable":true,"href":"https:\/\/gretzmeier-shop.de\/index.php?rest_route=%2Fwp%2Fv2%2Fcomments&post=573"}],"version-history":[{"count":7,"href":"https:\/\/gretzmeier-shop.de\/index.php?rest_route=\/wp\/v2\/pages\/573\/revisions"}],"predecessor-version":[{"id":2314,"href":"https:\/\/gretzmeier-shop.de\/index.php?rest_route=\/wp\/v2\/pages\/573\/revisions\/2314"}],"wp:attachment":[{"href":"https:\/\/gretzmeier-shop.de\/index.php?rest_route=%2Fwp%2Fv2%2Fmedia&parent=573"}],"curies":[{"name":"wp","href":"https:\/\/api.w.org\/{rel}","templated":true}]}}