{"id":59,"date":"2018-03-21T10:42:04","date_gmt":"2018-03-21T09:42:04","guid":{"rendered":"https:\/\/gretzmeier.de\/wp\/?page_id=59"},"modified":"2024-03-04T10:17:41","modified_gmt":"2024-03-04T09:17:41","slug":"impressum","status":"publish","type":"page","link":"https:\/\/gretzmeier-shop.de\/?page_id=59","title":{"rendered":"Impressum"},"content":{"rendered":"\n<div class=\"wp-block-columns is-layout-flex wp-container-core-columns-is-layout-9d6595d7 wp-block-columns-is-layout-flex\">\n<div class=\"wp-block-column is-layout-flow wp-block-column-is-layout-flow\">\n<div class=\"wp-block-group\"><div class=\"wp-block-group__inner-container is-layout-flow wp-block-group-is-layout-flow\">\n<div class=\"wp-block-group\"><div class=\"wp-block-group__inner-container is-layout-flow wp-block-group-is-layout-flow\">\n<p><strong><em>Angaben gem\u00e4\u00df \u00a7 5 TMG:<\/em><\/strong><\/p>\n\n\n\n<p>\u00d6ko Wein- und Sektgut Jakob Gretzmeier<br>Wolfsh\u00f6hle 3<br>D-79291 Merdingen<\/p>\n\n\n\n<p><em><strong>Kontakt:<\/strong><\/em><\/p>\n\n\n\n<p>Tel.: +49 7668 94230<br>Fax: +49 7668 94775<\/p>\n\n\n\n<p>E-Mail: info@gretzmeier.de<\/p>\n\n\n\n<p>Web: <a href=\"http:\/\/www.gretzmeier-shop.de\">www.gretzmeier-shop.de<\/a><\/p>\n\n\n\n<p><\/p>\n\n\n\n<p><strong><em>Verantwortlich f\u00fcr den Inhalt nach \u00a7 55 Abs. 2 RStV:<\/em><\/strong><\/p>\n\n\n\n<p>Jakob Gretzmeier<\/p>\n\n\n\n<p>Anschrift siehe oben<\/p>\n\n\n\n<p><\/p>\n\n\n\n<p><strong><em>Umsatzsteuer-Identifikationsnummer gem\u00e4\u00df \u00a727 a Umsatzsteuergesetz:<\/em><\/strong><\/p>\n\n\n\n<p>DE 267082183<\/p>\n\n\n\n<p><strong><em>Steuernummer:<\/em><\/strong><\/p>\n\n\n\n<p>07228\/90675<\/p>\n\n\n\n<p><\/p>\n\n\n\n<p>Gesetzliche Grundlage: Weingesetz (WeinG)<\/p>\n\n\n\n<p>Zertifiziert durch GfRS&nbsp; &nbsp; &nbsp; DE-\u00d6ko-039<\/p>\n\n\n\n<p><\/p>\n\n\n\n<p><strong><em>Haftungshinweis:<\/em><\/strong><\/p>\n\n\n\n<p>Die auf diesen Webseiten zur Verf\u00fcgung gestellten Informationen werden unter Beachtung gr\u00f6\u00dfter Sorgfalt laufend aktualisiert und erg\u00e4nzt. Dennoch kann keine Garantie f\u00fcr die Richtigkeit und Vollst\u00e4ndigkeit der angegebenen Daten \u00fcbernommen werden, da zwischenzeitlich eingetretene \u00c4nderungen nicht auszuschlie\u00dfen sind. Dies gilt ebenso f\u00fcr s\u00e4mtliche Webseiten Dritter, auf die durch einen Hyperlink verwiesen wird. F\u00fcr dort enthaltene Informationen (fremde Inhalte) zu denen mittels Hyperlink lediglich der Zugang zur Nutzung vermittelt wird, ist der Betreiber dieser Webseiten gem\u00e4\u00df \u00a7 5 Abs. 3 TDG nicht verantwortlich und schlie\u00dft demnach jegliche Haftung im vorgenannten Zusammenhang aus. Die verlinkten Seiten wurden zum Zeitpunkt der Verlinkung auf m\u00f6gliche Rechtsverst\u00f6\u00dfe \u00fcberpr\u00fcft. Rechtswidrige Inhalte waren zum Zeitpunkt der Verlinkung nicht erkennbar.<\/p>\n\n\n\n<p><\/p>\n\n\n\n<p><strong><em>Gesamtkonzeption und Gestaltung:<\/em><\/strong> Elena Gretzmeier<\/p>\n\n\n\n<p><\/p>\n\n\n\n<p><strong><em>Copyright:<\/em><\/strong><\/p>\n\n\n\n<p>Website-Design, Texte und Grafiken sind urheberrechtlich gesch\u00fctzt.<br>\u00a9 Jakob Gretzmeier 2012. ALLE RECHTE VORBEHALTEN. Das Herunterladen und die Speicherung auf Datentr\u00e4ger, das Einstellen in ein eigenes oder fremdes Internetangebot, das Bereitstellen f\u00fcr den \u00f6ffentlichen Zugriff sowie jede sonstige Vervielf\u00e4ltigung, Bearbeitung, Verbreitung oder \u00f6ffentliche Wiedergabe der auf dieser Website verf\u00fcgbaren Materialien bzw. Informationen sind nur in den engen Grenzen des Urheberrechtsgesetzes oder mit vorheriger schriftlicher Zustimmung von Jakob Gretzmeier gestattet.<\/p>\n\n\n\n<p><\/p>\n\n\n\n<p><strong><em>Urheberrecht<\/em><\/strong><\/p>\n\n\n\n<p>Die durch die Seitenbetreiber erstellten Inhalte und Werke auf diesen Seiten unterliegen dem deutschen Urheberrecht. Die Vervielf\u00e4ltigung, Bearbeitung, Verbreitung und jede Art der Verwertung au\u00dferhalb der Grenzen des Urheberrechtes bed\u00fcrfen der schriftlichen Zustimmung des jeweiligen Autors bzw. Erstellers. Downloads und Kopien dieser Seite sind nur f\u00fcr den privaten, nicht kommerziellen Gebrauch gestattet. Soweit die Inhalte auf dieser Seite nicht vom Betreiber erstellt wurden, werden die Urheberrechte Dritter beachtet. Insbesondere werden Inhalte Dritter als solche gekennzeichnet. Sollten Sie trotzdem auf eine Urheberrechtsverletzung aufmerksam werden, bitten wir um einen entsprechenden Hinweis. Bei Bekanntwerden von Rechtsverletzungen werden wir derartige Inhalte umgehend entfernen.<\/p>\n\n\n\n<p><\/p>\n\n\n\n<p><em><strong>Online-Streitbeilegung gem\u00e4\u00df Art. 14 Abs. 1 ODR-VO:<\/strong><\/em><\/p>\n\n\n\n<p>Die Europ\u00e4ische Kommission stellt eine Plattform zur Online-Streitbeilegung (OS) bereit. Die Plattform finden Sie unter&nbsp;<a rel=\"noreferrer noopener\" href=\"http:\/\/ec.europa.eu\/consumers\/odr\/\" target=\"_blank\">http:\/\/ec.europa.eu\/consumers\/odr\/<\/a>. Wir sind zur Teilnahme an einem Streitbeilegungsverfahren vor einer Verbraucherschlichtungsstelle weder bereit noch verpflichtet.<\/p>\n<\/div><\/div>\n\n\n\n<p>Das Impressum gilt auch f\u00fcr die Internetseite: <a href=\"https:\/\/www.regiothek.org\" target=\"_blank\" rel=\"noreferrer noopener\">www.regiothek.org<\/a><\/p>\n<\/div><\/div>\n<\/div>\n<\/div>\n","protected":false},"excerpt":{"rendered":"<p>Angaben gem\u00e4\u00df \u00a7 5 TMG: \u00d6ko Wein- und Sektgut Jakob GretzmeierWolfsh\u00f6hle 3D-79291 Merdingen Kontakt: Tel.: +49 7668 94230Fax: +49 7668 94775 E-Mail: info@gretzmeier.de Web: www.gretzmeier-shop.de Verantwortlich f\u00fcr den Inhalt nach \u00a7 55 Abs. 2 RStV: Jakob Gretzmeier Anschrift siehe oben Umsatzsteuer-Identifikationsnummer gem\u00e4\u00df \u00a727 a Umsatzsteuergesetz: DE 267082183 Steuernummer: 07228\/90675 Gesetzliche Grundlage: Weingesetz (WeinG) Zertifiziert durch<span class=\"dots\"> &hellip; <\/span><span class=\"link-more\"><a href=\"https:\/\/gretzmeier-shop.de\/?page_id=59\" class=\"more-link\">Read more <span class=\"screen-reader-text\">&#8222;Impressum&#8220;<\/span><\/a><\/span><\/p>\n","protected":false},"author":1,"featured_media":0,"parent":0,"menu_order":0,"comment_status":"closed","ping_status":"closed","template":"","meta":{"footnotes":""},"class_list":["post-59","page","type-page","status-publish","hentry"],"_links":{"self":[{"href":"https:\/\/gretzmeier-shop.de\/index.php?rest_route=\/wp\/v2\/pages\/59","targetHints":{"allow":["GET"]}}],"collection":[{"href":"https:\/\/gretzmeier-shop.de\/index.php?rest_route=\/wp\/v2\/pages"}],"about":[{"href":"https:\/\/gretzmeier-shop.de\/index.php?rest_route=\/wp\/v2\/types\/page"}],"author":[{"embeddable":true,"href":"https:\/\/gretzmeier-shop.de\/index.php?rest_route=\/wp\/v2\/users\/1"}],"replies":[{"embeddable":true,"href":"https:\/\/gretzmeier-shop.de\/index.php?rest_route=%2Fwp%2Fv2%2Fcomments&post=59"}],"version-history":[{"count":8,"href":"https:\/\/gretzmeier-shop.de\/index.php?rest_route=\/wp\/v2\/pages\/59\/revisions"}],"predecessor-version":[{"id":2674,"href":"https:\/\/gretzmeier-shop.de\/index.php?rest_route=\/wp\/v2\/pages\/59\/revisions\/2674"}],"wp:attachment":[{"href":"https:\/\/gretzmeier-shop.de\/index.php?rest_route=%2Fwp%2Fv2%2Fmedia&parent=59"}],"curies":[{"name":"wp","href":"https:\/\/api.w.org\/{rel}","templated":true}]}}