{"id":811,"date":"2021-05-10T14:18:07","date_gmt":"2021-05-10T13:18:07","guid":{"rendered":"https:\/\/gretzmeier-shop.de\/?page_id=811"},"modified":"2026-04-02T06:52:27","modified_gmt":"2026-04-02T05:52:27","slug":"aktuelles-2","status":"publish","type":"page","link":"https:\/\/gretzmeier-shop.de\/?page_id=811","title":{"rendered":"Aktuelles"},"content":{"rendered":"\n<h1 class=\"wp-block-heading has-text-align-center has-text-color\" style=\"color:#b4160e\">Strau\u00dfe \u00f6ffnet voraussichtlich:<\/h1>\n\n\n\n<p class=\"has-text-align-center has-text-color has-medium-font-size\" style=\"color:#b4160e\"><strong>30. M\u00e4rz \u2013 8. Mai 2026<\/strong><\/p>\n\n\n\n<p class=\"has-text-align-center has-text-color has-medium-font-size\" style=\"color:#b4160e\"><strong>8. Juni \u2013 10. Juli 2026<\/strong><\/p>\n\n\n\n<p class=\"has-text-align-center has-text-color has-medium-font-size\" style=\"color:#b4160e\"><strong>31. August \u2013 9. Oktober 2026<\/strong><\/p>\n\n\n\n<div style=\"height:100px\" aria-hidden=\"true\" class=\"wp-block-spacer\"><\/div>\n\n\n\n<hr class=\"wp-block-separator has-alpha-channel-opacity\"\/>\n\n\n\n<div style=\"height:100px\" aria-hidden=\"true\" class=\"wp-block-spacer\"><\/div>\n\n\n\n<div class=\"wp-block-columns is-layout-flex wp-container-core-columns-is-layout-9d6595d7 wp-block-columns-is-layout-flex\">\n<div class=\"wp-block-column is-layout-flow wp-block-column-is-layout-flow\">\n<figure class=\"wp-block-image size-full\"><img loading=\"lazy\" decoding=\"async\" width=\"595\" height=\"839\" src=\"https:\/\/gretzmeier-shop.de\/wp-content\/uploads\/2025\/12\/0001.jpg\" alt=\"\" class=\"wp-image-3647\" srcset=\"https:\/\/gretzmeier-shop.de\/wp-content\/uploads\/2025\/12\/0001.jpg 595w, https:\/\/gretzmeier-shop.de\/wp-content\/uploads\/2025\/12\/0001-213x300.jpg 213w, https:\/\/gretzmeier-shop.de\/wp-content\/uploads\/2025\/12\/0001-300x423.jpg 300w\" sizes=\"auto, (max-width: 595px) 100vw, 595px\" \/><\/figure>\n<\/div>\n\n\n\n<div class=\"wp-block-column is-layout-flow wp-block-column-is-layout-flow\">\n<p class=\"has-text-align-center has-medium-font-size\"><strong>Wine &amp; Dine <\/strong><\/p>\n\n\n\n<p class=\"has-text-align-center\"><strong>14. November 2026<\/strong> Tr\u00fcffel-Men\u00fc im Alpenblick in H\u00f6chenschwand<\/p>\n\n\n\n<p class=\"has-text-align-center\">Anmeldung: <\/p>\n\n\n\n<p>       <a href=\"mailto:hotel@alpenblick-hotel.de\">hotel@alpenblick-hotel.de<\/a>                          <\/p>\n\n\n\n<p class=\"has-text-align-center\">oder <a href=\"tel:+49 7672 418-0\"> 07672 418-0<\/a><\/p>\n<\/div>\n\n\n\n<div class=\"wp-block-column is-layout-flow wp-block-column-is-layout-flow\">\n<figure class=\"wp-block-image size-full\"><img loading=\"lazy\" decoding=\"async\" width=\"595\" height=\"839\" src=\"https:\/\/gretzmeier-shop.de\/wp-content\/uploads\/2025\/12\/0002-1.jpg\" alt=\"\" class=\"wp-image-3665\" srcset=\"https:\/\/gretzmeier-shop.de\/wp-content\/uploads\/2025\/12\/0002-1.jpg 595w, https:\/\/gretzmeier-shop.de\/wp-content\/uploads\/2025\/12\/0002-1-213x300.jpg 213w, https:\/\/gretzmeier-shop.de\/wp-content\/uploads\/2025\/12\/0002-1-300x423.jpg 300w\" sizes=\"auto, (max-width: 595px) 100vw, 595px\" \/><\/figure>\n<\/div>\n<\/div>\n\n\n\n<div style=\"height:100px\" aria-hidden=\"true\" class=\"wp-block-spacer\"><\/div>\n\n\n\n<hr class=\"wp-block-separator has-alpha-channel-opacity\"\/>\n\n\n\n<div style=\"height:100px\" aria-hidden=\"true\" class=\"wp-block-spacer\"><\/div>\n\n\n\n<div class=\"wp-block-media-text has-media-on-the-right is-stacked-on-mobile\"><div class=\"wp-block-media-text__content\">\n<p class=\"has-medium-font-size\"><strong>Haben Sie schon unseren neuen wei\u00dfen Wermut probiert?&nbsp;&nbsp;<\/strong><\/p>\n\n\n\n<p>Genie\u00dfen Sie ihn als erfrischenden Cocktail mit Tonic-Water oder als eleganten Aperitif, ganz nach Ihrem Geschmack \u2013 pur auf Eis mit einer Zitrone serviert.<\/p>\n\n\n\n<div class=\"wp-block-buttons is-layout-flex wp-block-buttons-is-layout-flex\">\n<div class=\"wp-block-button is-style-fill\"><a class=\"wp-block-button__link has-text-color has-background has-link-color wp-element-button\" href=\"https:\/\/gretzmeier-shop.de\/?product=wermut-weiss\" style=\"color:#000000;background:linear-gradient(90deg,rgb(146,158,122) 0%,rgb(240,240,224) 100%)\"><strong>Jetzt bestellen und genie\u00dfen!<\/strong><\/a><\/div>\n<\/div>\n<\/div><figure class=\"wp-block-media-text__media\"><img loading=\"lazy\" decoding=\"async\" width=\"730\" height=\"1024\" src=\"https:\/\/gretzmeier-shop.de\/wp-content\/uploads\/2025\/01\/Wermut_Front-730x1024.jpg\" alt=\"\" class=\"wp-image-3212 size-full\" srcset=\"https:\/\/gretzmeier-shop.de\/wp-content\/uploads\/2025\/01\/Wermut_Front-730x1024.jpg 730w, https:\/\/gretzmeier-shop.de\/wp-content\/uploads\/2025\/01\/Wermut_Front-214x300.jpg 214w, https:\/\/gretzmeier-shop.de\/wp-content\/uploads\/2025\/01\/Wermut_Front-768x1077.jpg 768w, https:\/\/gretzmeier-shop.de\/wp-content\/uploads\/2025\/01\/Wermut_Front-1096x1536.jpg 1096w, https:\/\/gretzmeier-shop.de\/wp-content\/uploads\/2025\/01\/Wermut_Front-300x421.jpg 300w, https:\/\/gretzmeier-shop.de\/wp-content\/uploads\/2025\/01\/Wermut_Front.jpg 1264w\" sizes=\"auto, (max-width: 730px) 100vw, 730px\" \/><\/figure><\/div>\n\n\n\n<div style=\"height:100px\" aria-hidden=\"true\" class=\"wp-block-spacer\"><\/div>\n\n\n\n<hr class=\"wp-block-separator has-alpha-channel-opacity\"\/>\n\n\n\n<div style=\"height:100px\" aria-hidden=\"true\" class=\"wp-block-spacer\"><\/div>\n\n\n\n<div class=\"wp-block-columns is-layout-flex wp-container-core-columns-is-layout-9d6595d7 wp-block-columns-is-layout-flex\">\n<div class=\"wp-block-column is-layout-flow wp-block-column-is-layout-flow\">\n<figure class=\"wp-block-gallery has-nested-images columns-default is-cropped wp-block-gallery-1 is-layout-flex wp-block-gallery-is-layout-flex\">\n<figure class=\"wp-block-image size-large\"><img loading=\"lazy\" decoding=\"async\" width=\"619\" height=\"619\" data-id=\"2392\" src=\"https:\/\/gretzmeier-shop.de\/wp-content\/uploads\/2023\/09\/1695737874366.jpg\" alt=\"\" class=\"wp-image-2392\" srcset=\"https:\/\/gretzmeier-shop.de\/wp-content\/uploads\/2023\/09\/1695737874366.jpg 619w, https:\/\/gretzmeier-shop.de\/wp-content\/uploads\/2023\/09\/1695737874366-300x300.jpg 300w, https:\/\/gretzmeier-shop.de\/wp-content\/uploads\/2023\/09\/1695737874366-150x150.jpg 150w, https:\/\/gretzmeier-shop.de\/wp-content\/uploads\/2023\/09\/1695737874366-100x100.jpg 100w\" sizes=\"auto, (max-width: 619px) 100vw, 619px\" \/><\/figure>\n<\/figure>\n<\/div>\n\n\n\n<div class=\"wp-block-column is-layout-flow wp-block-column-is-layout-flow\">\n<p class=\"has-medium-font-size\"><strong>NEU UNSERE BIO S\u00c4FTE <\/strong>\ud83c\udf47\ud83c\udf4e\ud83c\udf50<\/p>\n\n\n\n<p><strong>Cuv\u00e9e Tilda<\/strong> &#8211; Heimischer Bio Mischsaft<\/p>\n\n\n\n<p>&nbsp;aus Traube, Apfel, Birne, Mispel und Speierling und<\/p>\n\n\n\n<p><strong>Cuv\u00e9e Levi <\/strong>&#8211; Heimischer Bio Traubensaft<\/p>\n\n\n\n<p>aus Muskat Ottonel, M\u00fcller-Thurgau und Wei\u00dfburgunder<\/p>\n\n\n\n<p>Preis <strong>4,65\u20ac<\/strong> (inkl. 0,15\u20ac Flaschenpfand)<\/p>\n<\/div>\n<\/div>\n\n\n\n<div style=\"height:100px\" aria-hidden=\"true\" class=\"wp-block-spacer\"><\/div>\n\n\n\n<hr class=\"wp-block-separator has-css-opacity is-style-wide\"\/>\n\n\n\n<div style=\"height:100px\" aria-hidden=\"true\" class=\"wp-block-spacer\"><\/div>\n\n\n\n<div class=\"wp-block-media-text is-stacked-on-mobile\" style=\"grid-template-columns:34% auto\"><figure class=\"wp-block-media-text__media\"><img loading=\"lazy\" decoding=\"async\" width=\"768\" height=\"1024\" src=\"https:\/\/gretzmeier-shop.de\/wp-content\/uploads\/2022\/04\/oeoe-768x1024.jpg\" alt=\"\" class=\"wp-image-1725 size-full\" srcset=\"https:\/\/gretzmeier-shop.de\/wp-content\/uploads\/2022\/04\/oeoe-768x1024.jpg 768w, https:\/\/gretzmeier-shop.de\/wp-content\/uploads\/2022\/04\/oeoe-225x300.jpg 225w, https:\/\/gretzmeier-shop.de\/wp-content\/uploads\/2022\/04\/oeoe-1152x1536.jpg 1152w, https:\/\/gretzmeier-shop.de\/wp-content\/uploads\/2022\/04\/oeoe-300x400.jpg 300w, https:\/\/gretzmeier-shop.de\/wp-content\/uploads\/2022\/04\/oeoe.jpg 1200w\" sizes=\"auto, (max-width: 768px) 100vw, 768px\" \/><\/figure><div class=\"wp-block-media-text__content\">\n<figure class=\"wp-block-image size-full is-resized\"><img loading=\"lazy\" decoding=\"async\" width=\"311\" height=\"207\" src=\"https:\/\/gretzmeier-shop.de\/wp-content\/uploads\/2022\/04\/Echt.jpg\" alt=\"\" class=\"wp-image-1724\" style=\"width:343px;height:auto\" srcset=\"https:\/\/gretzmeier-shop.de\/wp-content\/uploads\/2022\/04\/Echt.jpg 311w, https:\/\/gretzmeier-shop.de\/wp-content\/uploads\/2022\/04\/Echt-300x200.jpg 300w\" sizes=\"auto, (max-width: 311px) 100vw, 311px\" \/><\/figure>\n\n\n\n<p class=\"has-large-font-size\">Jetzt bei uns im Hofverkauf<\/p>\n\n\n\n<p>Bio-Oliven\u00f6l direkt von unserer Tante aus Kalabrien (IT)<\/p>\n\n\n\n<p>18,50\u20ac<\/p>\n<\/div><\/div>\n\n\n\n<div style=\"height:100px\" aria-hidden=\"true\" class=\"wp-block-spacer\"><\/div>\n\n\n\n<hr class=\"wp-block-separator has-css-opacity is-style-wide\"\/>\n\n\n\n<div style=\"height:100px\" aria-hidden=\"true\" class=\"wp-block-spacer\"><\/div>\n\n\n\n<div class=\"wp-block-columns is-layout-flex wp-container-core-columns-is-layout-9d6595d7 wp-block-columns-is-layout-flex\">\n<div class=\"wp-block-column is-layout-flow wp-block-column-is-layout-flow\" style=\"flex-basis:100%\">\n<div class=\"wp-block-columns is-layout-flex wp-container-core-columns-is-layout-9d6595d7 wp-block-columns-is-layout-flex\">\n<div class=\"wp-block-column is-layout-flow wp-block-column-is-layout-flow\">\n<h2 class=\"wp-block-heading\">Kennen Sie schon unseren WERMUT?<\/h2>\n\n\n\n<p>Nach altem Hausrezept von Oma Theresia<\/p>\n\n\n\n<p>Hervorragend als Aperitif pur zu genie\u00dfen mit einem Eisw\u00fcrfel oder auch als Cocktail.<\/p>\n\n\n\n<p> Probieren Sie ihn doch mal wie auf dem Foto mit einem feinen Tonic-Wasser (z.B. Thomas Henry) Eisw\u00fcrfel und einer Scheibe Orange, schmeckt wunderbar erfrischend. Zum Wohl!<\/p>\n<\/div>\n\n\n\n<div class=\"wp-block-column is-layout-flow wp-block-column-is-layout-flow\">\n<figure class=\"wp-block-image size-large\"><img loading=\"lazy\" decoding=\"async\" width=\"720\" height=\"960\" src=\"https:\/\/gretzmeier-shop.de\/wp-content\/uploads\/2021\/05\/65442834_1954680611303572_1617998868568342528_n.jpg\" alt=\"\" class=\"wp-image-812\" srcset=\"https:\/\/gretzmeier-shop.de\/wp-content\/uploads\/2021\/05\/65442834_1954680611303572_1617998868568342528_n.jpg 720w, https:\/\/gretzmeier-shop.de\/wp-content\/uploads\/2021\/05\/65442834_1954680611303572_1617998868568342528_n-225x300.jpg 225w, https:\/\/gretzmeier-shop.de\/wp-content\/uploads\/2021\/05\/65442834_1954680611303572_1617998868568342528_n-300x400.jpg 300w\" sizes=\"auto, (max-width: 720px) 100vw, 720px\" \/><\/figure>\n<\/div>\n<\/div>\n<\/div>\n<\/div>\n\n\n\n<div style=\"height:100px\" aria-hidden=\"true\" class=\"wp-block-spacer\"><\/div>\n\n\n\n<hr class=\"wp-block-separator has-css-opacity is-style-wide\"\/>\n\n\n\n<div style=\"height:100px\" aria-hidden=\"true\" class=\"wp-block-spacer\"><\/div>\n\n\n\n<div class=\"wp-block-group\"><div class=\"wp-block-group__inner-container is-layout-flow wp-block-group-is-layout-flow\">\n<div class=\"wp-block-columns is-layout-flex wp-container-core-columns-is-layout-9d6595d7 wp-block-columns-is-layout-flex\">\n<div class=\"wp-block-column is-layout-flow wp-block-column-is-layout-flow\">\n<figure class=\"wp-block-image size-large\"><img loading=\"lazy\" decoding=\"async\" width=\"500\" height=\"500\" src=\"https:\/\/gretzmeier-shop.de\/wp-content\/uploads\/2021\/05\/brandy.jpg\" alt=\"\" class=\"wp-image-1021\" srcset=\"https:\/\/gretzmeier-shop.de\/wp-content\/uploads\/2021\/05\/brandy.jpg 500w, https:\/\/gretzmeier-shop.de\/wp-content\/uploads\/2021\/05\/brandy-300x300.jpg 300w, https:\/\/gretzmeier-shop.de\/wp-content\/uploads\/2021\/05\/brandy-150x150.jpg 150w, https:\/\/gretzmeier-shop.de\/wp-content\/uploads\/2021\/05\/brandy-100x100.jpg 100w\" sizes=\"auto, (max-width: 500px) 100vw, 500px\" \/><\/figure>\n<\/div>\n\n\n\n<div class=\"wp-block-column is-layout-flow wp-block-column-is-layout-flow\">\n<h2 class=\"wp-block-heading\"><strong>Neu!! &#8211; Brand new!!<\/strong><\/h2>\n\n\n\n<p><strong>Unser Brandy &#8211; triple distilled, aromatisch weich mit karamelliger Note<\/strong><\/p>\n\n\n\n<p>Ganz neu unser Brandy dreifach destilliert, von 2006 in neuen Eichf\u00e4ssern gelagert.<\/p>\n\n\n\n<p>Weinbrand,&nbsp;Armagnac oder Cognac?<\/p>\n\n\n\n<p>Unser neuer Brandy wird sie \u00fcberzeugen, wie Sie es vom Hause Gretzmeier gew\u00f6hnt sind. Feine Aromen von Rosinen und Pflaumen, sowie Ankl\u00e4nge von Edelholz und Bitter-Schokolade. Am Gaumen kraftvoll und doch weich, entwickelt er eine famose L\u00e4nge. Der Geschmack von ger\u00f6steten Mandeln und Karamell pr\u00e4gen den unverwechselbaren edlen Charakter dieses sowohl ausbalancierten sowie pr\u00e4senten Weinbrands. Ein langanhaltendes Geschmackserlebnis f\u00fcr besondere Momente!!<\/p>\n\n\n\n<p>P.S. Das passende Geschenk f\u00fcr jeden Anlass !!<\/p>\n<\/div>\n<\/div>\n<\/div><\/div>\n\n\n\n<div style=\"height:100px\" aria-hidden=\"true\" class=\"wp-block-spacer\"><\/div>\n","protected":false},"excerpt":{"rendered":"<p>Strau\u00dfe \u00f6ffnet voraussichtlich: 30. M\u00e4rz \u2013 8. Mai 2026 8. Juni \u2013 10. Juli 2026 31. August \u2013 9. Oktober 2026 Wine &amp; Dine 14. November 2026 Tr\u00fcffel-Men\u00fc im Alpenblick in H\u00f6chenschwand Anmeldung: hotel@alpenblick-hotel.de oder 07672 418-0 NEU UNSERE BIO S\u00c4FTE \ud83c\udf47\ud83c\udf4e\ud83c\udf50 Cuv\u00e9e Tilda &#8211; Heimischer Bio Mischsaft &nbsp;aus Traube, Apfel, Birne, Mispel und Speierling<span class=\"dots\"> &hellip; <\/span><span class=\"link-more\"><a href=\"https:\/\/gretzmeier-shop.de\/?page_id=811\" class=\"more-link\">Read more <span class=\"screen-reader-text\">&#8222;Aktuelles&#8220;<\/span><\/a><\/span><\/p>\n","protected":false},"author":1,"featured_media":0,"parent":0,"menu_order":0,"comment_status":"closed","ping_status":"closed","template":"","meta":{"footnotes":""},"class_list":["post-811","page","type-page","status-publish","hentry"],"_links":{"self":[{"href":"https:\/\/gretzmeier-shop.de\/index.php?rest_route=\/wp\/v2\/pages\/811","targetHints":{"allow":["GET"]}}],"collection":[{"href":"https:\/\/gretzmeier-shop.de\/index.php?rest_route=\/wp\/v2\/pages"}],"about":[{"href":"https:\/\/gretzmeier-shop.de\/index.php?rest_route=\/wp\/v2\/types\/page"}],"author":[{"embeddable":true,"href":"https:\/\/gretzmeier-shop.de\/index.php?rest_route=\/wp\/v2\/users\/1"}],"replies":[{"embeddable":true,"href":"https:\/\/gretzmeier-shop.de\/index.php?rest_route=%2Fwp%2Fv2%2Fcomments&post=811"}],"version-history":[{"count":87,"href":"https:\/\/gretzmeier-shop.de\/index.php?rest_route=\/wp\/v2\/pages\/811\/revisions"}],"predecessor-version":[{"id":3849,"href":"https:\/\/gretzmeier-shop.de\/index.php?rest_route=\/wp\/v2\/pages\/811\/revisions\/3849"}],"wp:attachment":[{"href":"https:\/\/gretzmeier-shop.de\/index.php?rest_route=%2Fwp%2Fv2%2Fmedia&parent=811"}],"curies":[{"name":"wp","href":"https:\/\/api.w.org\/{rel}","templated":true}]}}