{"id":97,"date":"2018-03-21T11:56:52","date_gmt":"2018-03-21T10:56:52","guid":{"rendered":"https:\/\/gretzmeier.de\/wp\/?page_id=97"},"modified":"2025-05-21T09:10:16","modified_gmt":"2025-05-21T08:10:16","slug":"weingut","status":"publish","type":"page","link":"https:\/\/gretzmeier-shop.de\/?page_id=97","title":{"rendered":"Weingut"},"content":{"rendered":"\n<div class=\"wp-block-group alignfull is-swap-on-mobile services-page\"><div class=\"wp-block-group__inner-container is-layout-flow wp-block-group-is-layout-flow\">\n<div class=\"wp-block-columns alignwide is-layout-flex wp-container-core-columns-is-layout-9d6595d7 wp-block-columns-is-layout-flex\">\n<div class=\"wp-block-column is-layout-flow wp-block-column-is-layout-flow\">\n<h2 class=\"wp-block-heading\">Vinothek<\/h2>\n\n\n\n<p>\u00d6ffnungszeiten des Weinverkaufs<\/p>\n\n\n\n<p>Mo- Fr 8.30-12 &amp; 14-17.30 Uhr Sa 8.30-12 Uhr<\/p>\n\n\n\n<p>Verkostungen sind nach Anmeldung m\u00f6glich. <\/p>\n\n\n\n<p>Wir erheben bei Bedarf eine Verkostungsgeb\u00fchr von <\/p>\n\n\n\n<p><strong>10 \u20ac<\/strong>&nbsp;pro Person f\u00fcr 5 Weine.<\/p>\n\n\n\n<p>Ab einem Einkauf von&nbsp;<strong>100 \u20ac pro Person<\/strong> erstatten wir Ihnen die Verkostungsgeb\u00fchr.<\/p>\n\n\n\n<div class=\"wp-block-buttons is-layout-flex wp-block-buttons-is-layout-flex\">\n<div class=\"wp-block-button is-style-outline is-style-outline--1\"><a class=\"wp-block-button__link has-green-color has-text-color wp-element-button\" href=\"https:\/\/gretzmeier-shop.de\/wp-content\/uploads\/2025\/05\/Preisliste-_25_Juni_innen_klein.pdf\" style=\"border-radius:5px\">Preisliste PDF<\/a><\/div>\n<\/div>\n<\/div>\n\n\n\n<div class=\"wp-block-column is-layout-flow wp-block-column-is-layout-flow\">\n<figure class=\"wp-block-image size-large is-resized is-style-default\"><img loading=\"lazy\" decoding=\"async\" width=\"1024\" height=\"683\" src=\"https:\/\/gretzmeier-shop.de\/wp-content\/uploads\/2021\/05\/Verkauf-1024x683.jpg\" alt=\"\" class=\"wp-image-745\" style=\"width:536px;height:351px\" srcset=\"https:\/\/gretzmeier-shop.de\/wp-content\/uploads\/2021\/05\/Verkauf-1024x683.jpg 1024w, https:\/\/gretzmeier-shop.de\/wp-content\/uploads\/2021\/05\/Verkauf-300x200.jpg 300w, https:\/\/gretzmeier-shop.de\/wp-content\/uploads\/2021\/05\/Verkauf-768x512.jpg 768w, https:\/\/gretzmeier-shop.de\/wp-content\/uploads\/2021\/05\/Verkauf-1536x1024.jpg 1536w, https:\/\/gretzmeier-shop.de\/wp-content\/uploads\/2021\/05\/Verkauf-2048x1366.jpg 2048w\" sizes=\"auto, (max-width: 1024px) 100vw, 1024px\" \/><\/figure>\n<\/div>\n<\/div>\n\n\n\n<div class=\"wp-block-columns alignwide is-layout-flex wp-container-core-columns-is-layout-9d6595d7 wp-block-columns-is-layout-flex\">\n<div class=\"wp-block-column is-layout-flow wp-block-column-is-layout-flow\">\n<div class=\"wp-block-group\"><div class=\"wp-block-group__inner-container is-layout-flow wp-block-group-is-layout-flow\">\n<figure class=\"wp-block-image size-large is-resized is-style-default\"><img loading=\"lazy\" decoding=\"async\" width=\"1024\" height=\"683\" src=\"https:\/\/gretzmeier-shop.de\/wp-content\/uploads\/2021\/04\/10463601_619496621488651_4469063414873988975_o-1024x683.jpg\" alt=\"\" class=\"wp-image-283\" style=\"width:531px;height:355px\" srcset=\"https:\/\/gretzmeier-shop.de\/wp-content\/uploads\/2021\/04\/10463601_619496621488651_4469063414873988975_o-1024x683.jpg 1024w, https:\/\/gretzmeier-shop.de\/wp-content\/uploads\/2021\/04\/10463601_619496621488651_4469063414873988975_o-300x200.jpg 300w, https:\/\/gretzmeier-shop.de\/wp-content\/uploads\/2021\/04\/10463601_619496621488651_4469063414873988975_o-768x512.jpg 768w, https:\/\/gretzmeier-shop.de\/wp-content\/uploads\/2021\/04\/10463601_619496621488651_4469063414873988975_o-1536x1024.jpg 1536w, https:\/\/gretzmeier-shop.de\/wp-content\/uploads\/2021\/04\/10463601_619496621488651_4469063414873988975_o.jpg 2048w\" sizes=\"auto, (max-width: 1024px) 100vw, 1024px\" \/><\/figure>\n<\/div><\/div>\n<\/div>\n\n\n\n<div class=\"wp-block-column is-layout-flow wp-block-column-is-layout-flow\">\n<h2 class=\"wp-block-heading\">Keller<\/h2>\n\n\n\n<p>Kellertechnisch zeigt Jakob nunmehr sein international gewonnenes Wissen. Jakobs Handschrift zeigt sich in seinen ausdrucksstarken Weinen, jeder Wein ist ein Individuum. Diese sind sowohl frische, fruchtige Weine, als auch mineralisch komplexe Weine.<\/p>\n\n\n\n<p>Alle Rotweine durchlaufen nach der Maische-G\u00e4rung eine mindestens 24-monatige Fassreife&nbsp; \u2013 bei entsprechenden Voraussetzungen des Lesegutes auch im kleinen Barrique. Gro\u00dfer Wert liegt in der Ruhe und der langen Reifezeiten, die er seinen Weinen angedeihen l\u00e4sst.<\/p>\n\n\n\n<p>Bei den Wei\u00dfweinen wird auf einen frischen, fruchtigen Charakter Wert gelegt. Gretzmeier sieht sich zwar selber als Traditionalist, was die Werte und Tugenden der klassischen Kellerwirtschaft betrifft, ist jedoch durchaus auch Neuerungen aufgeschlossen. Seine Cuve\u00e9s beispielsweise haben mit ihrer gelungenen Kombination aus umweltschonenden Neuz\u00fcch\u00adtungen und traditionsreichen Rebsorten viele Nachahmer gefunden.<\/p>\n\n\n\n<p>Unser Sekt wird ausschlie\u00dflich nach dem traditionellen Verfahren hergestellt. Dabei lagern der Sekt unter st\u00e4ndiger Aufsicht und Kontrolle bis zu 10 Jahren auf der Hefe.<\/p>\n\n\n\n<div class=\"wp-block-buttons is-layout-flex wp-block-buttons-is-layout-flex\"><\/div>\n<\/div>\n<\/div>\n\n\n\n<div class=\"wp-block-columns alignwide is-layout-flex wp-container-core-columns-is-layout-9d6595d7 wp-block-columns-is-layout-flex\">\n<div class=\"wp-block-column is-layout-flow wp-block-column-is-layout-flow\">\n<h2 class=\"wp-block-heading\">Weinberg<\/h2>\n\n\n\n<p>Alle unsere Anbaugebiete befinden sich zu 100% auf dem Merdinger B\u00fchl auf dem sonnigen Tuniberg in Baden-W\u00fcrttemberg, N\u00e4he Freiburg.<\/p>\n\n\n\n<p>Der Tuniberg wird von vielen Weinkennern als &#8222;Weinparadies&#8220; bezeichnet und liegt in der oberrheinischen Tiefebene. Dabei geh\u00f6rt diese Region zur w\u00e4rmsten Region Deutschlands.<\/p>\n\n\n\n<p>Durch die Kalkstein- und n\u00e4hrhaften L\u00f6ssboden, das milde Klima sowie den vielen, vielen Sonnenstunden k\u00f6nnen die Trauben auf edelste Weise reifen und erhalten dadurch ihren einzigartigen, unverkennbaren Geschmack.<\/p>\n\n\n\n<p>Heute bewirtschaftet er im Familienbetrieb \u00fcber 10 Hektar Reben in den traditionsreichen Burgunderlagen rund um Merdingen. Besonderen Wert legt er auf eine naturgerechte Boden\u00adbehandlung unter F\u00f6rderung eines artenreichen Unterwuchses.<\/p>\n<\/div>\n\n\n\n<div class=\"wp-block-column is-layout-flow wp-block-column-is-layout-flow\">\n<figure class=\"wp-block-image size-large is-resized is-style-default\"><img loading=\"lazy\" decoding=\"async\" width=\"1024\" height=\"682\" src=\"https:\/\/gretzmeier-shop.de\/wp-content\/uploads\/2021\/05\/20210404_0186-1024x682.jpg\" alt=\"\" class=\"wp-image-738\" style=\"width:529px;height:346px\" srcset=\"https:\/\/gretzmeier-shop.de\/wp-content\/uploads\/2021\/05\/20210404_0186-1024x682.jpg 1024w, https:\/\/gretzmeier-shop.de\/wp-content\/uploads\/2021\/05\/20210404_0186-300x200.jpg 300w, https:\/\/gretzmeier-shop.de\/wp-content\/uploads\/2021\/05\/20210404_0186-768x512.jpg 768w, https:\/\/gretzmeier-shop.de\/wp-content\/uploads\/2021\/05\/20210404_0186-1536x1024.jpg 1536w, https:\/\/gretzmeier-shop.de\/wp-content\/uploads\/2021\/05\/20210404_0186-2048x1365.jpg 2048w\" sizes=\"auto, (max-width: 1024px) 100vw, 1024px\" \/><\/figure>\n\n\n\n<p><\/p>\n<\/div>\n<\/div>\n\n\n\n<div class=\"wp-block-columns alignwide is-layout-flex wp-container-core-columns-is-layout-9d6595d7 wp-block-columns-is-layout-flex\">\n<div class=\"wp-block-column is-layout-flow wp-block-column-is-layout-flow\">\n<figure class=\"wp-block-image size-large is-resized is-style-default\"><img loading=\"lazy\" decoding=\"async\" width=\"1024\" height=\"683\" src=\"https:\/\/gretzmeier-shop.de\/wp-content\/uploads\/2021\/05\/Flasche-1024x683.jpg\" alt=\"\" class=\"wp-image-983\" style=\"width:543px;height:365px\" srcset=\"https:\/\/gretzmeier-shop.de\/wp-content\/uploads\/2021\/05\/Flasche-1024x683.jpg 1024w, https:\/\/gretzmeier-shop.de\/wp-content\/uploads\/2021\/05\/Flasche-300x200.jpg 300w, https:\/\/gretzmeier-shop.de\/wp-content\/uploads\/2021\/05\/Flasche-768x512.jpg 768w, https:\/\/gretzmeier-shop.de\/wp-content\/uploads\/2021\/05\/Flasche-1536x1024.jpg 1536w, https:\/\/gretzmeier-shop.de\/wp-content\/uploads\/2021\/05\/Flasche-2048x1366.jpg 2048w\" sizes=\"auto, (max-width: 1024px) 100vw, 1024px\" \/><\/figure>\n<\/div>\n\n\n\n<div class=\"wp-block-column is-layout-flow wp-block-column-is-layout-flow\">\n<h2 class=\"wp-block-heading\">Gutsweine<\/h2>\n\n\n\n<p>Mit der Linie \u201cGutsweine\u201d legen wir Ihnen Tropfen ans Herz, die sich durch besondere Frische und Fruchtigkeit auszeichnen. Diese erhalten sie durch konsequent reduktiven Ausbau eines zum optimalen Zeitpunkt geherbsteten Lesegutes aus ertrags\u00adreduzierten Anlagen.<br>Gutsweine erkennen Sie an der Verwendung des roten Etiketts f\u00fcr Rotweine und eines gr\u00fcnen f\u00fcr Wei\u00dfweine. Sie sind die animierend-frischen und unkomplizierten Begleiter eines geselligen Abends mit guter badischer K\u00fcche.<\/p>\n\n\n\n<h2 class=\"wp-block-heading\">Selectionsweine<\/h2>\n\n\n\n<p>Unsere Linie \u201cSelectionsweine\u201d mit goldenem Etikett hebt selbst dem erfahrensten Weinkenner die Augenbrauen. Wie sind in badischen Breiten solch ausdrucksstarke Spitzenweine m\u00f6glich? Komplexit\u00e4t, Kraft, Aromenintensit\u00e4t &#8211; diesen Dreiklang verdanken unsere Selektionsweine vor allem dem wichtigsten Produktionsfaktor, der unter betriebs\u00f6konomischen Gesichts\u00adpunkten oft zu kurz kommt: Die Zeit &#8211; die Zeit der Reife, die Zeit der unaufgeregten G\u00e4rung und vor allem die Zeit des mehr\u00adj\u00e4hrigen Hefelagers im Holzfass, bringt unseren Bioweinen die Langlebigkeit und F\u00fclle. Die Zeit ersetzt uns all die kleinen Helferlein, die ansonsten einem jungen Tropfen Reife verschaffen sollen. Und durch den Verzicht auf tierische Sch\u00f6nungsmittel sind unsere Weine komplett vegan.<br>Beide Produktlinien setzen damit eins zu eins unsere Firmenphilosophie um, traditionelle Werte mit einem aus wissenschaftlichen Erkenntnissen gewonnenen \u00f6kologischen An- und Ausbau neu zu interpretieren.<\/p>\n\n\n\n<div class=\"wp-block-buttons is-layout-flex wp-block-buttons-is-layout-flex\"><\/div>\n<\/div>\n<\/div>\n\n\n\n<div class=\"wp-block-columns alignwide is-layout-flex wp-container-core-columns-is-layout-9d6595d7 wp-block-columns-is-layout-flex\">\n<div class=\"wp-block-column is-layout-flow wp-block-column-is-layout-flow\">\n<h2 class=\"wp-block-heading\">Qualit\u00e4t<\/h2>\n\n\n\n<h4 class=\"wp-block-heading\">Tradition, Erfahrung, innovative Ideen, \u00f6kologische und moderne Anbautechniken &#8211; eine vielseitige Kombination f\u00fcr das qualitativ hochwertige Genusserlebnis<\/h4>\n\n\n\n<p>Unsere Vision hei\u00dft nach wie vor: Erste Klasse! Das f\u00e4ngt nat\u00fcrlich bei der Frucht an und sie findet ihre Vollendung im Verarbeitungsprozess. Vollkommen ist die Qualit\u00e4t, wenn es gelingt die Frucht sozusagen in der Flasche einzufangen und sie im Glas wieder freizugeben.<\/p>\n\n\n\n<p>Um den hohen \u00f6kologischen Qualit\u00e4tsstandart unserer Weine und damit Ihren Genuss zu garantieren werden unsere Fr\u00fcchte nach strengen Qualit\u00e4tskriterien angebaut:<\/p>\n\n\n\n<ul class=\"wp-block-list\">\n<li>Nat\u00fcrlicher Lebensraum f\u00fcr Pflanzen und Tiere<\/li>\n\n\n\n<li>Erhalt der Kulturlandschaft<\/li>\n\n\n\n<li>Vertrauen durch unabh\u00e4ngige Kontrolle<\/li>\n\n\n\n<li>Ganzheitliches Anbausystem<\/li>\n\n\n\n<li>Keine chemisch-synthetischen Hilfsstoffe bei D\u00fcngung und Pflanzenschutz<\/li>\n\n\n\n<li>Besonders schonende Weinbereitung garantiert beste Qualit\u00e4t<\/li>\n<\/ul>\n\n\n\n<p><\/p>\n<\/div>\n\n\n\n<div class=\"wp-block-column is-layout-flow wp-block-column-is-layout-flow\">\n<figure class=\"wp-block-image size-large is-style-default\"><img loading=\"lazy\" decoding=\"async\" width=\"1024\" height=\"683\" src=\"https:\/\/gretzmeier-shop.de\/wp-content\/uploads\/2021\/05\/20210404_0181-1024x683.jpg\" alt=\"\" class=\"wp-image-1024\" srcset=\"https:\/\/gretzmeier-shop.de\/wp-content\/uploads\/2021\/05\/20210404_0181-1024x683.jpg 1024w, https:\/\/gretzmeier-shop.de\/wp-content\/uploads\/2021\/05\/20210404_0181-300x200.jpg 300w, https:\/\/gretzmeier-shop.de\/wp-content\/uploads\/2021\/05\/20210404_0181-768x512.jpg 768w, https:\/\/gretzmeier-shop.de\/wp-content\/uploads\/2021\/05\/20210404_0181-1536x1024.jpg 1536w, https:\/\/gretzmeier-shop.de\/wp-content\/uploads\/2021\/05\/20210404_0181-2048x1365.jpg 2048w\" sizes=\"auto, (max-width: 1024px) 100vw, 1024px\" \/><\/figure>\n\n\n\n<p><\/p>\n<\/div>\n<\/div>\n\n\n\n<div class=\"wp-block-columns is-layout-flex wp-container-core-columns-is-layout-9d6595d7 wp-block-columns-is-layout-flex\">\n<div class=\"wp-block-column is-layout-flow wp-block-column-is-layout-flow\"><\/div>\n<\/div>\n<\/div><\/div>\n","protected":false},"excerpt":{"rendered":"<p>Vinothek \u00d6ffnungszeiten des Weinverkaufs Mo- Fr 8.30-12 &amp; 14-17.30 Uhr Sa 8.30-12 Uhr Verkostungen sind nach Anmeldung m\u00f6glich. Wir erheben bei Bedarf eine Verkostungsgeb\u00fchr von 10 \u20ac&nbsp;pro Person f\u00fcr 5 Weine. Ab einem Einkauf von&nbsp;100 \u20ac pro Person erstatten wir Ihnen die Verkostungsgeb\u00fchr. Keller Kellertechnisch zeigt Jakob nunmehr sein international gewonnenes Wissen. Jakobs Handschrift zeigt<span class=\"dots\"> &hellip; <\/span><span class=\"link-more\"><a href=\"https:\/\/gretzmeier-shop.de\/?page_id=97\" class=\"more-link\">Read more <span class=\"screen-reader-text\">&#8222;Weingut&#8220;<\/span><\/a><\/span><\/p>\n","protected":false},"author":1,"featured_media":0,"parent":0,"menu_order":0,"comment_status":"closed","ping_status":"closed","template":"","meta":{"footnotes":""},"class_list":["post-97","page","type-page","status-publish","hentry"],"_links":{"self":[{"href":"https:\/\/gretzmeier-shop.de\/index.php?rest_route=\/wp\/v2\/pages\/97","targetHints":{"allow":["GET"]}}],"collection":[{"href":"https:\/\/gretzmeier-shop.de\/index.php?rest_route=\/wp\/v2\/pages"}],"about":[{"href":"https:\/\/gretzmeier-shop.de\/index.php?rest_route=\/wp\/v2\/types\/page"}],"author":[{"embeddable":true,"href":"https:\/\/gretzmeier-shop.de\/index.php?rest_route=\/wp\/v2\/users\/1"}],"replies":[{"embeddable":true,"href":"https:\/\/gretzmeier-shop.de\/index.php?rest_route=%2Fwp%2Fv2%2Fcomments&post=97"}],"version-history":[{"count":32,"href":"https:\/\/gretzmeier-shop.de\/index.php?rest_route=\/wp\/v2\/pages\/97\/revisions"}],"predecessor-version":[{"id":3405,"href":"https:\/\/gretzmeier-shop.de\/index.php?rest_route=\/wp\/v2\/pages\/97\/revisions\/3405"}],"wp:attachment":[{"href":"https:\/\/gretzmeier-shop.de\/index.php?rest_route=%2Fwp%2Fv2%2Fmedia&parent=97"}],"curies":[{"name":"wp","href":"https:\/\/api.w.org\/{rel}","templated":true}]}}