{"id":99,"date":"2018-03-21T11:57:13","date_gmt":"2018-03-21T10:57:13","guid":{"rendered":"https:\/\/gretzmeier.de\/wp\/?page_id=99"},"modified":"2025-05-24T08:45:55","modified_gmt":"2025-05-24T07:45:55","slug":"hausbrennerei","status":"publish","type":"page","link":"https:\/\/gretzmeier-shop.de\/?page_id=99","title":{"rendered":"Hausbrennerei"},"content":{"rendered":"\n<div class=\"wp-block-group alignfull is-swap-on-mobile services-page\"><div class=\"wp-block-group__inner-container is-layout-flow wp-block-group-is-layout-flow\">\n<div class=\"wp-block-columns alignwide is-layout-flex wp-container-core-columns-is-layout-9d6595d7 wp-block-columns-is-layout-flex\">\n<div class=\"wp-block-column is-layout-flow wp-block-column-is-layout-flow\">\n<h2 class=\"wp-block-heading\">Traditionelle Hausbrennerei<\/h2>\n\n\n\n<p>In unserer traditionsreichen Hausbrennerei wurden bereits im Jahre 1849 von unseren Vorfahren edelste Tropfen hergestellt. Das notwendige Wissen wird seither von Generation zu Generation weitergegeben und st\u00e4ndig verfeinert. Die Ernte von 5,5 Hektar eigenem Obstbau wird ausschlie\u00dflich in der eigenen Brennerei verarbeitet.<\/p>\n\n\n\n<p>\u00dcbrigens sind alle unsere Br\u00e4nde ungezuckert. Ein wirklich gro\u00dfer Edelbrand muss im Glas so intensiv und vor allem rein durfen, dass man meint direkt unter dem bl\u00fcten\u00fcbers\u00e4ten Baum zu stehen.<\/p>\n\n\n\n<p>In diesem Sinne w\u00fcnschen wir viel Genuss mit unseren Br\u00e4nden.<\/p>\n<\/div>\n\n\n\n<div class=\"wp-block-column is-layout-flow wp-block-column-is-layout-flow\">\n<figure class=\"wp-block-image size-large is-style-default\"><img loading=\"lazy\" decoding=\"async\" width=\"1024\" height=\"683\" src=\"https:\/\/gretzmeier-shop.de\/wp-content\/uploads\/2021\/05\/DSC09904-1024x683.jpg\" alt=\"\" class=\"wp-image-600\" srcset=\"https:\/\/gretzmeier-shop.de\/wp-content\/uploads\/2021\/05\/DSC09904-1024x683.jpg 1024w, https:\/\/gretzmeier-shop.de\/wp-content\/uploads\/2021\/05\/DSC09904-300x200.jpg 300w, https:\/\/gretzmeier-shop.de\/wp-content\/uploads\/2021\/05\/DSC09904-768x512.jpg 768w, https:\/\/gretzmeier-shop.de\/wp-content\/uploads\/2021\/05\/DSC09904-1536x1024.jpg 1536w, https:\/\/gretzmeier-shop.de\/wp-content\/uploads\/2021\/05\/DSC09904.jpg 1944w\" sizes=\"auto, (max-width: 1024px) 100vw, 1024px\" \/><\/figure>\n<\/div>\n<\/div>\n\n\n\n<div class=\"wp-block-columns alignwide is-layout-flex wp-container-core-columns-is-layout-9d6595d7 wp-block-columns-is-layout-flex\">\n<div class=\"wp-block-column is-layout-flow wp-block-column-is-layout-flow\">\n<figure class=\"wp-block-image size-large is-style-default\"><img loading=\"lazy\" decoding=\"async\" width=\"1024\" height=\"683\" src=\"https:\/\/gretzmeier-shop.de\/wp-content\/uploads\/2021\/05\/Archiv-1024x683.jpg\" alt=\"\" class=\"wp-image-782\" srcset=\"https:\/\/gretzmeier-shop.de\/wp-content\/uploads\/2021\/05\/Archiv-1024x683.jpg 1024w, https:\/\/gretzmeier-shop.de\/wp-content\/uploads\/2021\/05\/Archiv-300x200.jpg 300w, https:\/\/gretzmeier-shop.de\/wp-content\/uploads\/2021\/05\/Archiv-768x512.jpg 768w, https:\/\/gretzmeier-shop.de\/wp-content\/uploads\/2021\/05\/Archiv-1536x1024.jpg 1536w, https:\/\/gretzmeier-shop.de\/wp-content\/uploads\/2021\/05\/Archiv-2048x1365.jpg 2048w\" sizes=\"auto, (max-width: 1024px) 100vw, 1024px\" \/><\/figure>\n<\/div>\n\n\n\n<div class=\"wp-block-column is-layout-flow wp-block-column-is-layout-flow\">\n<h2 class=\"wp-block-heading\">Edle Rarit\u00e4ten<\/h2>\n\n\n\n<p>In unserem Archiv lagern unsere verschiedensten Edelbr\u00e4nde in Holz-, Ton- und Glasgef\u00e4\u00dfen. Die Best\u00e4nde sind nach Jahrg\u00e4ngen sortiert und reichen \u00fcber 50 Jahre in die Vergangenheit (bis zum Jahre 1971).<\/p>\n\n\n\n<p>Das ganz besondere Geschenk f\u00fcr Geburtstage und einmalige Anl\u00e4sse.<\/p>\n\n\n\n<p>Gerne kann unser Archiv nach Vereinbarung besichtigt werden.<\/p>\n\n\n\n<div class=\"wp-block-buttons is-layout-flex wp-block-buttons-is-layout-flex\"><\/div>\n<\/div>\n<\/div>\n\n\n\n<div class=\"wp-block-columns alignwide is-layout-flex wp-container-core-columns-is-layout-9d6595d7 wp-block-columns-is-layout-flex\">\n<div class=\"wp-block-column is-layout-flow wp-block-column-is-layout-flow\">\n<h2 class=\"wp-block-heading\">Sonnenverw\u00f6hnter Anbau f\u00fcr h\u00f6chste Qualit\u00e4t<\/h2>\n\n\n\n<p>Alle unsere Anbaufl\u00e4chen f\u00fcr das sonnenverw\u00f6hnte Obst unserer Edelbr\u00e4nde befinden sich in unserer Heimatgemeinde Merdingen.<\/p>\n\n\n\n<p>Unser Obst wird dabei haupts\u00e4chlich auf nat\u00fcrlichen Kies und n\u00e4hrstoffreichen L\u00f6sboden angebaut. Zusammen mit den vielen Sonnentagen und dem milden Klima in unserer Region bieten wir damit unseren B\u00e4umen den optimalen Lebensraum, damit ihre Fr\u00fcchte auf nat\u00fcrlichste Art reifen k\u00f6nnen und das feine Aroma ausbilden k\u00f6nnen.&nbsp;&nbsp;&nbsp;&nbsp;<\/p>\n\n\n\n<p>Unser besonderer Stolz gilt dabei unseren Speierling Plantagen, auf welchen diese seltenen Fr\u00fcchte angebaut werden. Die B\u00e4ume wurden vor ca. 25 Jahren angepflanzt und durch liebevolle und geduldige Arbeit auf eine Stammh\u00f6he von \u00fcber 8m gez\u00fcchtet. Vor wenigen Jahren konnten wir die ersten Fr\u00fcchte ernten.<\/p>\n\n\n\n<div class=\"wp-block-buttons is-layout-flex wp-block-buttons-is-layout-flex\"><\/div>\n<\/div>\n\n\n\n<div class=\"wp-block-column is-layout-flow wp-block-column-is-layout-flow\">\n<figure class=\"wp-block-image size-large is-style-default\"><img loading=\"lazy\" decoding=\"async\" width=\"1024\" height=\"683\" src=\"https:\/\/gretzmeier-shop.de\/wp-content\/uploads\/2021\/05\/20210404_0049-1024x683.jpg\" alt=\"\" class=\"wp-image-603\" srcset=\"https:\/\/gretzmeier-shop.de\/wp-content\/uploads\/2021\/05\/20210404_0049-1024x683.jpg 1024w, https:\/\/gretzmeier-shop.de\/wp-content\/uploads\/2021\/05\/20210404_0049-300x200.jpg 300w, https:\/\/gretzmeier-shop.de\/wp-content\/uploads\/2021\/05\/20210404_0049-768x512.jpg 768w, https:\/\/gretzmeier-shop.de\/wp-content\/uploads\/2021\/05\/20210404_0049-1536x1024.jpg 1536w, https:\/\/gretzmeier-shop.de\/wp-content\/uploads\/2021\/05\/20210404_0049.jpg 1956w\" sizes=\"auto, (max-width: 1024px) 100vw, 1024px\" \/><\/figure>\n<\/div>\n<\/div>\n\n\n\n<div class=\"wp-block-columns alignwide is-layout-flex wp-container-core-columns-is-layout-9d6595d7 wp-block-columns-is-layout-flex\">\n<div class=\"wp-block-column is-layout-flow wp-block-column-is-layout-flow\">\n<figure class=\"wp-block-image size-large\"><img loading=\"lazy\" decoding=\"async\" width=\"1024\" height=\"682\" src=\"https:\/\/gretzmeier-shop.de\/wp-content\/uploads\/2021\/05\/20210404_0008-Kopie-1024x682.jpg\" alt=\"\" class=\"wp-image-901\" srcset=\"https:\/\/gretzmeier-shop.de\/wp-content\/uploads\/2021\/05\/20210404_0008-Kopie-1024x682.jpg 1024w, https:\/\/gretzmeier-shop.de\/wp-content\/uploads\/2021\/05\/20210404_0008-Kopie-300x200.jpg 300w, https:\/\/gretzmeier-shop.de\/wp-content\/uploads\/2021\/05\/20210404_0008-Kopie-768x512.jpg 768w, https:\/\/gretzmeier-shop.de\/wp-content\/uploads\/2021\/05\/20210404_0008-Kopie-1536x1024.jpg 1536w, https:\/\/gretzmeier-shop.de\/wp-content\/uploads\/2021\/05\/20210404_0008-Kopie-2048x1365.jpg 2048w\" sizes=\"auto, (max-width: 1024px) 100vw, 1024px\" \/><\/figure>\n<\/div>\n\n\n\n<div class=\"wp-block-column is-layout-flow wp-block-column-is-layout-flow\">\n<h2 class=\"wp-block-heading\">Destillate<\/h2>\n\n\n\n<p><\/p>\n\n\n\n<div class=\"wp-block-buttons is-layout-flex wp-block-buttons-is-layout-flex\">\n<div class=\"wp-block-button is-style-outline is-style-outline--1\"><a class=\"wp-block-button__link has-text-color has-background wp-element-button\" href=\"https:\/\/gretzmeier-shop.de\/wp-content\/uploads\/2025\/05\/25_Juni_Preisliste-Braende_innen.pdf\" style=\"border-radius:12px;color:#a30003;background-color:#f8f8f8\" target=\"_blank\" rel=\"noreferrer noopener\">Preisliste PDF<\/a><\/div>\n<\/div>\n\n\n\n<p>Unsere edlen Br\u00e4nde decken eine gro\u00dfe Vielfalt an alten Obstsorten ab, wie zum Beispiel<\/p>\n\n\n\n<div class=\"wp-block-columns alignfull are-vertically-aligned-top is-layout-flex wp-container-core-columns-is-layout-9d6595d7 wp-block-columns-is-layout-flex\">\n<div class=\"wp-block-column is-vertically-aligned-top is-layout-flow wp-block-column-is-layout-flow\">\n<ul class=\"wp-block-list\" id=\"block-490d375a-6ec9-4a1b-966d-c8362e8eaa4c\">\n<li>Speierling<\/li>\n\n\n\n<li>Mispeln<\/li>\n\n\n\n<li>Kornelkirsche<\/li>\n\n\n\n<li>Elsbeere<\/li>\n\n\n\n<li>Wildkirsche<\/li>\n\n\n\n<li>Mirabellen<\/li>\n\n\n\n<li>Mirabellanen (wilde Mirabellen)<\/li>\n\n\n\n<li>Zib\u00e4rtle<\/li>\n<\/ul>\n<\/div>\n\n\n\n<div class=\"wp-block-column is-vertically-aligned-top is-layout-flow wp-block-column-is-layout-flow\">\n<ul class=\"wp-block-list\" id=\"block-490d375a-6ec9-4a1b-966d-c8362e8eaa4c\">\n<li>Quitten<\/li>\n\n\n\n<li>Schlehen<\/li>\n\n\n\n<li>Dornspfliemli<\/li>\n\n\n\n<li>Feldzwetschge<\/li>\n\n\n\n<li>Williams-Birne<\/li>\n\n\n\n<li>Alexander Lukas Birne<\/li>\n\n\n\n<li>Edelmostbirnen<\/li>\n\n\n\n<li>etc.<\/li>\n<\/ul>\n<\/div>\n<\/div>\n<\/div>\n<\/div>\n<\/div><\/div>\n","protected":false},"excerpt":{"rendered":"<p>Traditionelle Hausbrennerei In unserer traditionsreichen Hausbrennerei wurden bereits im Jahre 1849 von unseren Vorfahren edelste Tropfen hergestellt. Das notwendige Wissen wird seither von Generation zu Generation weitergegeben und st\u00e4ndig verfeinert. Die Ernte von 5,5 Hektar eigenem Obstbau wird ausschlie\u00dflich in der eigenen Brennerei verarbeitet. \u00dcbrigens sind alle unsere Br\u00e4nde ungezuckert. Ein wirklich gro\u00dfer Edelbrand muss<span class=\"dots\"> &hellip; <\/span><span class=\"link-more\"><a href=\"https:\/\/gretzmeier-shop.de\/?page_id=99\" class=\"more-link\">Read more <span class=\"screen-reader-text\">&#8222;Hausbrennerei&#8220;<\/span><\/a><\/span><\/p>\n","protected":false},"author":1,"featured_media":0,"parent":0,"menu_order":0,"comment_status":"closed","ping_status":"closed","template":"","meta":{"footnotes":""},"class_list":["post-99","page","type-page","status-publish","hentry"],"_links":{"self":[{"href":"https:\/\/gretzmeier-shop.de\/index.php?rest_route=\/wp\/v2\/pages\/99","targetHints":{"allow":["GET"]}}],"collection":[{"href":"https:\/\/gretzmeier-shop.de\/index.php?rest_route=\/wp\/v2\/pages"}],"about":[{"href":"https:\/\/gretzmeier-shop.de\/index.php?rest_route=\/wp\/v2\/types\/page"}],"author":[{"embeddable":true,"href":"https:\/\/gretzmeier-shop.de\/index.php?rest_route=\/wp\/v2\/users\/1"}],"replies":[{"embeddable":true,"href":"https:\/\/gretzmeier-shop.de\/index.php?rest_route=%2Fwp%2Fv2%2Fcomments&post=99"}],"version-history":[{"count":26,"href":"https:\/\/gretzmeier-shop.de\/index.php?rest_route=\/wp\/v2\/pages\/99\/revisions"}],"predecessor-version":[{"id":3410,"href":"https:\/\/gretzmeier-shop.de\/index.php?rest_route=\/wp\/v2\/pages\/99\/revisions\/3410"}],"wp:attachment":[{"href":"https:\/\/gretzmeier-shop.de\/index.php?rest_route=%2Fwp%2Fv2%2Fmedia&parent=99"}],"curies":[{"name":"wp","href":"https:\/\/api.w.org\/{rel}","templated":true}]}}