{"id":311,"date":"2021-04-27T11:11:49","date_gmt":"2021-04-27T10:11:49","guid":{"rendered":"https:\/\/gretzmeier-shop.de\/?product=zwulcher-junior-ros"},"modified":"2025-09-06T10:46:48","modified_gmt":"2025-09-06T09:46:48","slug":"zwulcher-junior-ros","status":"publish","type":"product","link":"https:\/\/gretzmeier-shop.de\/?product=zwulcher-junior-ros","title":{"rendered":"2024 Zwulcher Junior Ros\u00e9"},"content":{"rendered":"<p><a href=\"https:\/\/winestro.info\/?s=1me23cly\">Information zu Zutaten und N\u00e4hrwerten<\/a><\/p>\n<p>Brennwert in 100 ml: 292 kJ \/ 70 kcal<\/p>\n<p>RZ: 7,1 S: 6,0 Alk: 11,5<\/p>\n<p>Duft nach frischer Johannisbeere. Spritzig und fruchtbetont!<\/p>\n<p>Im Geschmack angenehm ausgeglichen.<\/p>\n<p>Perfekte Harmonie von S\u00e4ure und Rests\u00fc\u00dfe!<\/p>\n<p>enth\u00e4lt Sulfite<\/p>\n","protected":false},"excerpt":{"rendered":"<p>RZ: 7,1 S: 6,0 Alk: 11,5<\/p>\n","protected":false},"featured_media":1013,"comment_status":"open","ping_status":"closed","template":"","meta":[],"product_brand":[],"product_cat":[40],"product_tag":[66,44],"class_list":{"0":"post-311","1":"product","2":"type-product","3":"status-publish","4":"has-post-thumbnail","6":"product_cat-rose","7":"product_tag-0-75-l-flasche","8":"product_tag-feinherb","10":"first","11":"instock","12":"taxable","13":"shipping-taxable","14":"purchasable","15":"product-type-simple"},"_links":{"self":[{"href":"https:\/\/gretzmeier-shop.de\/index.php?rest_route=\/wp\/v2\/product\/311","targetHints":{"allow":["GET"]}}],"collection":[{"href":"https:\/\/gretzmeier-shop.de\/index.php?rest_route=\/wp\/v2\/product"}],"about":[{"href":"https:\/\/gretzmeier-shop.de\/index.php?rest_route=\/wp\/v2\/types\/product"}],"replies":[{"embeddable":true,"href":"https:\/\/gretzmeier-shop.de\/index.php?rest_route=%2Fwp%2Fv2%2Fcomments&post=311"}],"wp:featuredmedia":[{"embeddable":true,"href":"https:\/\/gretzmeier-shop.de\/index.php?rest_route=\/wp\/v2\/media\/1013"}],"wp:attachment":[{"href":"https:\/\/gretzmeier-shop.de\/index.php?rest_route=%2Fwp%2Fv2%2Fmedia&parent=311"}],"wp:term":[{"taxonomy":"product_brand","embeddable":true,"href":"https:\/\/gretzmeier-shop.de\/index.php?rest_route=%2Fwp%2Fv2%2Fproduct_brand&post=311"},{"taxonomy":"product_cat","embeddable":true,"href":"https:\/\/gretzmeier-shop.de\/index.php?rest_route=%2Fwp%2Fv2%2Fproduct_cat&post=311"},{"taxonomy":"product_tag","embeddable":true,"href":"https:\/\/gretzmeier-shop.de\/index.php?rest_route=%2Fwp%2Fv2%2Fproduct_tag&post=311"}],"curies":[{"name":"wp","href":"https:\/\/api.w.org\/{rel}","templated":true}]}}