{"id":389,"date":"2021-04-27T13:36:25","date_gmt":"2021-04-27T12:36:25","guid":{"rendered":"https:\/\/gretzmeier-shop.de\/?product=gelber-muskateller-kabinett-trocken"},"modified":"2026-03-02T08:30:06","modified_gmt":"2026-03-02T07:30:06","slug":"gelber-muskateller-kabinett-trocken","status":"publish","type":"product","link":"https:\/\/gretzmeier-shop.de\/?product=gelber-muskateller-kabinett-trocken","title":{"rendered":"2025 Gelber Muskateller Kabinett Trocken"},"content":{"rendered":"<p><a href=\"https:\/\/winestro.info\/?s=ow7huzeg\">Information zu Zutaten und N\u00e4hrwerten<\/a><\/p>\n<p>Brennwert in 100 ml: 308 kJ \/ 74 kcal<\/p>\n<p>RZ: 2,8 S: 5,9 Alk: 12,5<\/p>\n<p>Viel Frucht nach wei\u00dfen Pfirsichen und Mango.<\/p>\n<p>Im Geschmack typisch animierende Muskatellernote.<\/p>\n<p>Feine Mineralit\u00e4t verwoben mit sch\u00f6ner S\u00e4ure.<\/p>\n<p>enth\u00e4lt Sulfite<\/p>\n","protected":false},"excerpt":{"rendered":"<p>RZ: 2,8 S: 5,9 Alk: 12,5<\/p>\n","protected":false},"featured_media":1040,"comment_status":"open","ping_status":"closed","template":"","meta":[],"product_brand":[],"product_cat":[20],"product_tag":[66,51],"class_list":{"0":"post-389","1":"product","2":"type-product","3":"status-publish","4":"has-post-thumbnail","6":"product_cat-weissweine","7":"product_tag-0-75-l-flasche","8":"product_tag-trocken","10":"first","11":"instock","12":"taxable","13":"shipping-taxable","14":"purchasable","15":"product-type-simple"},"_links":{"self":[{"href":"https:\/\/gretzmeier-shop.de\/index.php?rest_route=\/wp\/v2\/product\/389","targetHints":{"allow":["GET"]}}],"collection":[{"href":"https:\/\/gretzmeier-shop.de\/index.php?rest_route=\/wp\/v2\/product"}],"about":[{"href":"https:\/\/gretzmeier-shop.de\/index.php?rest_route=\/wp\/v2\/types\/product"}],"replies":[{"embeddable":true,"href":"https:\/\/gretzmeier-shop.de\/index.php?rest_route=%2Fwp%2Fv2%2Fcomments&post=389"}],"wp:featuredmedia":[{"embeddable":true,"href":"https:\/\/gretzmeier-shop.de\/index.php?rest_route=\/wp\/v2\/media\/1040"}],"wp:attachment":[{"href":"https:\/\/gretzmeier-shop.de\/index.php?rest_route=%2Fwp%2Fv2%2Fmedia&parent=389"}],"wp:term":[{"taxonomy":"product_brand","embeddable":true,"href":"https:\/\/gretzmeier-shop.de\/index.php?rest_route=%2Fwp%2Fv2%2Fproduct_brand&post=389"},{"taxonomy":"product_cat","embeddable":true,"href":"https:\/\/gretzmeier-shop.de\/index.php?rest_route=%2Fwp%2Fv2%2Fproduct_cat&post=389"},{"taxonomy":"product_tag","embeddable":true,"href":"https:\/\/gretzmeier-shop.de\/index.php?rest_route=%2Fwp%2Fv2%2Fproduct_tag&post=389"}],"curies":[{"name":"wp","href":"https:\/\/api.w.org\/{rel}","templated":true}]}}