{"id":396,"date":"2021-04-27T13:36:36","date_gmt":"2021-04-27T12:36:36","guid":{"rendered":"https:\/\/gretzmeier-shop.de\/?product=chardonnay-spaetlese-trocken"},"modified":"2025-05-21T10:07:46","modified_gmt":"2025-05-21T09:07:46","slug":"chardonnay-spaetlese-trocken","status":"publish","type":"product","link":"https:\/\/gretzmeier-shop.de\/?product=chardonnay-spaetlese-trocken","title":{"rendered":"2024 Chardonnay Trocken"},"content":{"rendered":"<p><a href=\"https:\/\/winestro.info\/?s=1uq9iv34\">Information zu Zutaten und N\u00e4hrwerten<\/a><\/p>\n<p>Brennwert in 100 ml: 307 kJ \/ 73 kcal<\/p>\n<p>RZ: 2,1 S: 6,0 Alk: 12,5<\/p>\n<p>&nbsp;<\/p>\n<p style=\"text-align: left;\">Dichtes Bukett von vollreifen Fr\u00fcchten, wie<\/p>\n<p>Apfel, Melone. Erinnert ein bisschen an Walnuss.<\/p>\n<p>Wunderbare Harmonie von Frucht, S\u00e4ure und Tanninen.<\/p>\n<p>Im Finish zeigt sich Spannung, Finesse und Komplexit\u00e4t!<\/p>\n<p>enth\u00e4lt Sulfite<\/p>\n","protected":false},"excerpt":{"rendered":"<p>Information zu Zutaten und N\u00e4hrwerten Brennwert in 100 ml: 307 kJ \/ 73 kcal RZ: 2,1 S: 6,0 Alk: 12,5 &nbsp; Dichtes Bukett von vollreifen Fr\u00fcchten, wie Apfel, Melone. Erinnert ein bisschen an Walnuss. Wunderbare Harmonie von Frucht, S\u00e4ure und Tanninen. Im Finish zeigt sich Spannung, Finesse und Komplexit\u00e4t! enth\u00e4lt Sulfite<\/p>\n","protected":false},"featured_media":188,"comment_status":"open","ping_status":"closed","template":"","meta":[],"product_brand":[],"product_cat":[20],"product_tag":[66,51],"class_list":{"0":"post-396","1":"product","2":"type-product","3":"status-publish","4":"has-post-thumbnail","6":"product_cat-weissweine","7":"product_tag-0-75-l-flasche","8":"product_tag-trocken","10":"first","11":"instock","12":"taxable","13":"shipping-taxable","14":"purchasable","15":"product-type-simple"},"_links":{"self":[{"href":"https:\/\/gretzmeier-shop.de\/index.php?rest_route=\/wp\/v2\/product\/396","targetHints":{"allow":["GET"]}}],"collection":[{"href":"https:\/\/gretzmeier-shop.de\/index.php?rest_route=\/wp\/v2\/product"}],"about":[{"href":"https:\/\/gretzmeier-shop.de\/index.php?rest_route=\/wp\/v2\/types\/product"}],"replies":[{"embeddable":true,"href":"https:\/\/gretzmeier-shop.de\/index.php?rest_route=%2Fwp%2Fv2%2Fcomments&post=396"}],"wp:featuredmedia":[{"embeddable":true,"href":"https:\/\/gretzmeier-shop.de\/index.php?rest_route=\/wp\/v2\/media\/188"}],"wp:attachment":[{"href":"https:\/\/gretzmeier-shop.de\/index.php?rest_route=%2Fwp%2Fv2%2Fmedia&parent=396"}],"wp:term":[{"taxonomy":"product_brand","embeddable":true,"href":"https:\/\/gretzmeier-shop.de\/index.php?rest_route=%2Fwp%2Fv2%2Fproduct_brand&post=396"},{"taxonomy":"product_cat","embeddable":true,"href":"https:\/\/gretzmeier-shop.de\/index.php?rest_route=%2Fwp%2Fv2%2Fproduct_cat&post=396"},{"taxonomy":"product_tag","embeddable":true,"href":"https:\/\/gretzmeier-shop.de\/index.php?rest_route=%2Fwp%2Fv2%2Fproduct_tag&post=396"}],"curies":[{"name":"wp","href":"https:\/\/api.w.org\/{rel}","templated":true}]}}