{"id":403,"date":"2021-04-27T13:36:50","date_gmt":"2021-04-27T12:36:50","guid":{"rendered":"https:\/\/gretzmeier-shop.de\/?product=chardonnay-trockenbeerauslese"},"modified":"2023-05-24T13:45:18","modified_gmt":"2023-05-24T12:45:18","slug":"chardonnay-trockenbeerauslese","status":"publish","type":"product","link":"https:\/\/gretzmeier-shop.de\/?product=chardonnay-trockenbeerauslese","title":{"rendered":"2011 Chardonnay Trockenbeerauslese"},"content":{"rendered":"<p>Gro\u00dfartige Harmonie von Fruchts\u00e4ure und Rests\u00fc\u00dfe!<\/p>\n<p>Typische Chardonnay Aromen!<\/p>\n<p>Ein Wein f\u00fcr die Ewigkeit!<\/p>\n<p>enth\u00e4lt Sulfite<\/p>\n","protected":false},"excerpt":{"rendered":"<p>Gro\u00dfartige Harmonie von Fruchts\u00e4ure und Rests\u00fc\u00dfe! Typische Chardonnay Aromen! Ein Wein f\u00fcr die Ewigkeit! enth\u00e4lt Sulfite<\/p>\n","protected":false},"featured_media":0,"comment_status":"open","ping_status":"closed","template":"","meta":[],"product_brand":[],"product_cat":[20],"product_tag":[54,57],"class_list":{"0":"post-403","1":"product","2":"type-product","3":"status-publish","5":"product_cat-weissweine","6":"product_tag-edelsuess","7":"product_tag-mild","9":"first","10":"instock","11":"taxable","12":"shipping-taxable","13":"purchasable","14":"product-type-simple"},"_links":{"self":[{"href":"https:\/\/gretzmeier-shop.de\/index.php?rest_route=\/wp\/v2\/product\/403","targetHints":{"allow":["GET"]}}],"collection":[{"href":"https:\/\/gretzmeier-shop.de\/index.php?rest_route=\/wp\/v2\/product"}],"about":[{"href":"https:\/\/gretzmeier-shop.de\/index.php?rest_route=\/wp\/v2\/types\/product"}],"replies":[{"embeddable":true,"href":"https:\/\/gretzmeier-shop.de\/index.php?rest_route=%2Fwp%2Fv2%2Fcomments&post=403"}],"wp:attachment":[{"href":"https:\/\/gretzmeier-shop.de\/index.php?rest_route=%2Fwp%2Fv2%2Fmedia&parent=403"}],"wp:term":[{"taxonomy":"product_brand","embeddable":true,"href":"https:\/\/gretzmeier-shop.de\/index.php?rest_route=%2Fwp%2Fv2%2Fproduct_brand&post=403"},{"taxonomy":"product_cat","embeddable":true,"href":"https:\/\/gretzmeier-shop.de\/index.php?rest_route=%2Fwp%2Fv2%2Fproduct_cat&post=403"},{"taxonomy":"product_tag","embeddable":true,"href":"https:\/\/gretzmeier-shop.de\/index.php?rest_route=%2Fwp%2Fv2%2Fproduct_tag&post=403"}],"curies":[{"name":"wp","href":"https:\/\/api.w.org\/{rel}","templated":true}]}}